{"id":1332,"date":"2025-08-18T19:44:53","date_gmt":"2025-08-18T19:44:53","guid":{"rendered":"https:\/\/www.komos.de\/?page_id=1332"},"modified":"2025-11-09T11:27:12","modified_gmt":"2025-11-09T11:27:12","slug":"karriere","status":"publish","type":"page","link":"https:\/\/www.komos.de\/en\/karriere\/","title":{"rendered":"Care\u00ader"},"content":{"rendered":"\t\t<div data-elementor-type=\"wp-page\" data-elementor-id=\"1332\" class=\"elementor elementor-1332\" data-elementor-post-type=\"page\">\n\t\t\t\t<div data-particle_enable=\"false\" data-particle-mobile-disabled=\"false\" class=\"elementor-element elementor-element-fe704c8 e-flex e-con-boxed e-con e-parent\" data-id=\"fe704c8\" data-element_type=\"container\" data-e-type=\"container\" data-settings=\"{&quot;background_background&quot;:&quot;classic&quot;}\">\n\t\t\t\t\t<div class=\"e-con-inner\">\n\t\t<div data-particle_enable=\"false\" data-particle-mobile-disabled=\"false\" class=\"elementor-element elementor-element-9ecf291 e-con-full e-flex e-con e-child\" data-id=\"9ecf291\" data-element_type=\"container\" data-e-type=\"container\">\n\t\t\t\t<div class=\"elementor-element elementor-element-5c48c87 elementor-widget elementor-widget-heading\" data-id=\"5c48c87\" data-element_type=\"widget\" data-e-type=\"widget\" data-widget_type=\"heading.default\">\n\t\t\t\t\t<h1 class=\"elementor-heading-title elementor-size-default\">Ein Team. Deine Zukunft bei KOMOS in B\u00fcrgel.<\/h1>\t\t\t\t<\/div>\n\t\t\t\t<div class=\"elementor-element elementor-element-a80276d elementor-widget elementor-widget-text-editor\" data-id=\"a80276d\" data-element_type=\"widget\" data-e-type=\"widget\" data-widget_type=\"text-editor.default\">\n\t\t\t\t\t\t\t\t\t<p>Seit mehr als 30 Jahren entwickeln und fertigen wir in B\u00fcrgel hochpr\u00e4zise Baugruppen f\u00fcr Medizintechnik, Automotive, Smart Home und Elektronik.<\/p><p>Was uns besonders macht? Unser Team von rund 70 Kolleginnen und Kollegen aus 5 L\u00e4ndern \u2013 und die \u00dcberzeugung, dass echte Qualit\u00e4t nur gemeinsam entsteht.<\/p>\t\t\t\t\t\t\t\t<\/div>\n\t\t\t\t<\/div>\n\t\t<div data-particle_enable=\"false\" data-particle-mobile-disabled=\"false\" class=\"elementor-element elementor-element-1099db7 e-con-full e-flex e-con e-child\" data-id=\"1099db7\" data-element_type=\"container\" data-e-type=\"container\">\n\t\t\t\t<div class=\"elementor-element elementor-element-f4f7c6b elementor-widget elementor-widget-image\" data-id=\"f4f7c6b\" data-element_type=\"widget\" data-e-type=\"widget\" data-widget_type=\"image.default\">\n\t\t\t\t\t\t\t\t\t\t\t\t\t\t\t<img fetchpriority=\"high\" decoding=\"async\" width=\"215\" height=\"300\" src=\"https:\/\/www.komos.de\/wp-content\/uploads\/2025\/10\/puzzle-hero-215x300.png\" class=\"attachment-medium size-medium wp-image-2536\" alt=\"\" srcset=\"https:\/\/www.komos.de\/wp-content\/uploads\/2025\/10\/puzzle-hero-215x300.png 215w, https:\/\/www.komos.de\/wp-content\/uploads\/2025\/10\/puzzle-hero-9x12.png 9w, https:\/\/www.komos.de\/wp-content\/uploads\/2025\/10\/puzzle-hero.png 568w\" sizes=\"(max-width: 215px) 100vw, 215px\" \/>\t\t\t\t\t\t\t\t\t\t\t\t\t\t\t<\/div>\n\t\t\t\t<\/div>\n\t\t\t\t\t<\/div>\n\t\t\t\t<\/div>\n\t\t<div data-particle_enable=\"false\" data-particle-mobile-disabled=\"false\" class=\"elementor-element elementor-element-effb1ac e-flex e-con-boxed e-con e-parent\" data-id=\"effb1ac\" data-element_type=\"container\" data-e-type=\"container\">\n\t\t\t\t\t<div class=\"e-con-inner\">\n\t\t\t\t<div class=\"elementor-element elementor-element-1ee5006 elementor-widget elementor-widget-heading\" data-id=\"1ee5006\" data-element_type=\"widget\" data-e-type=\"widget\" data-widget_type=\"heading.default\">\n\t\t\t\t\t<h2 class=\"elementor-heading-title elementor-size-default\">Darum lohnt es sich, Teil von KOMOS zu werden<\/h2>\t\t\t\t<\/div>\n\t\t\t\t<div class=\"elementor-element elementor-element-4904e4a elementor-widget__width-initial elementor-widget elementor-widget-text-editor\" data-id=\"4904e4a\" data-element_type=\"widget\" data-e-type=\"widget\" data-widget_type=\"text-editor.default\">\n\t\t\t\t\t\t\t\t\t<p class=\"whitespace-normal break-words\"><b>Jahresumsatzpr\u00e4mie:<\/b> Sie profitieren vom Unternehmenserfolg: Wenn KOMOS erfolgreich ist, sind Sie es auch. Einmal j\u00e4hrlich erhalten Sie eine faire Umsatzpr\u00e4mie.<\/p><p class=\"whitespace-normal break-words\"><b>Monatliche Zielpr\u00e4mien:<\/b> Ihre Leistung wird direkt belohnt \u2013 nicht irgendwann, sondern sofort. Bei Zielerf\u00fcllung gibt es monatliche Boni mit Ihrem Gehalt.<\/p><p class=\"whitespace-normal break-words\"><b>Betriebliche Altersvorsorge:<\/b> Wir denken langfristig und investieren in Ihre Zukunft. KOMOS unterst\u00fctzt Sie beim Aufbau Ihrer Altersvorsorge mit einem Arbeitgeberzuschuss.<\/p><p class=\"whitespace-normal break-words\"><b>Gesundheitspr\u00e4mie &amp; Firmensport: <\/b>Bleiben Sie fit \u2013 wir unterst\u00fctzen Sie dabei. Von Gesundheitspr\u00e4mien bis zu gemeinsamen Sportangeboten: Ihre Gesundheit liegt uns am Herzen.<\/p><p class=\"whitespace-normal break-words\"><b>Weiterbildungsm\u00f6glichkeiten:<\/b> Ihre Entwicklung liegt uns am Herzen. Ob Maschinenschulungen, Fachseminare oder pers\u00f6nliche Weiterbildung \u2013 wir f\u00f6rdern Ihren n\u00e4chsten Schritt.<\/p><p class=\"whitespace-normal break-words\"><b>Geregelte Schichtzeiten:<\/b> Planbare Freizeit f\u00fcr Ihr Privatleben. Verl\u00e4ssliche Schichtpl\u00e4ne bedeuten: Sie k\u00f6nnen Ihr Leben planen \u2013 Familie, Hobbys, Termine.<\/p>\t\t\t\t\t\t\t\t<\/div>\n\t\t\t\t<div class=\"elementor-element elementor-element-500d897 elementor-widget elementor-widget-heading\" data-id=\"500d897\" data-element_type=\"widget\" data-e-type=\"widget\" data-widget_type=\"heading.default\">\n\t\t\t\t\t<h2 class=\"elementor-heading-title elementor-size-default\">Mehr als nur ein Job \u2013 Ihre Vorteile bei KOMOS<\/h2>\t\t\t\t<\/div>\n\t\t\t\t<div class=\"elementor-element elementor-element-1b74b18 elementor-widget elementor-widget-text-editor\" data-id=\"1b74b18\" data-element_type=\"widget\" data-e-type=\"widget\" data-widget_type=\"text-editor.default\">\n\t\t\t\t\t\t\t\t\t<p class=\"whitespace-normal break-words\">\u2713 <strong>Jahresumsatzpr\u00e4mie<\/strong> \u2013 Sie profitieren vom Unternehmenserfolg<\/p><p class=\"whitespace-normal break-words\">\u2713 <strong>Monatliche Zielpr\u00e4mien<\/strong> \u2013 Ihre Leistung wird direkt belohnt<\/p><p class=\"whitespace-normal break-words\">\u2713 <strong>Betriebliche Altersvorsorge<\/strong> \u2013 Ihre Zukunft ist abgesichert<\/p><p class=\"whitespace-normal break-words\">\u2713 <strong>Gesundheitspr\u00e4mie &amp; Firmensport<\/strong> \u2013 Bleiben Sie fit, wir unterst\u00fctzen Sie<\/p><p class=\"whitespace-normal break-words\">\u2713 <strong>Weiterbildungsm\u00f6glichkeiten<\/strong> \u2013 Ihre Entwicklung liegt uns am Herzen<\/p><p class=\"whitespace-normal break-words\">\u2713 <strong>Geregelte Schichtzeiten<\/strong> \u2013 Planbare Freizeit f\u00fcr Ihr Privatleben<\/p>\t\t\t\t\t\t\t\t<\/div>\n\t\t\t\t<div class=\"elementor-element elementor-element-19d099a elementor-widget elementor-widget-heading\" data-id=\"19d099a\" data-element_type=\"widget\" data-e-type=\"widget\" data-widget_type=\"heading.default\">\n\t\t\t\t\t<h2 class=\"elementor-heading-title elementor-size-default\">Wer zu uns passt<\/h2>\t\t\t\t<\/div>\n\t\t\t\t<div class=\"elementor-element elementor-element-8b7b54c elementor-widget elementor-widget-text-editor\" data-id=\"8b7b54c\" data-element_type=\"widget\" data-e-type=\"widget\" data-widget_type=\"text-editor.default\">\n\t\t\t\t\t\t\t\t\t<p class=\"whitespace-normal break-words\">Ob Sie gerade Ihre Ausbildung abgeschlossen haben, jahrelange Erfahrung mitbringen oder sich beruflich neu orientieren m\u00f6chten \u2013 bei KOMOS finden Menschen mit unterschiedlichsten Hintergr\u00fcnden ihren Platz.<\/p><p class=\"whitespace-normal break-words\"><strong>Was uns wichtig ist:<\/strong><\/p><ul class=\"[&amp;:not(:last-child)_ul]:pb-1 [&amp;:not(:last-child)_ol]:pb-1 list-disc space-y-2.5 pl-7\"><li class=\"whitespace-normal break-words\">Lust auf pr\u00e4zise Arbeit und moderne Technik<\/li><li class=\"whitespace-normal break-words\">Teamgeist und Zuverl\u00e4ssigkeit<\/li><li class=\"whitespace-normal break-words\">Der Wille, gemeinsam etwas zu bewegen<\/li><\/ul>\t\t\t\t\t\t\t\t<\/div>\n\t\t\t\t\t<\/div>\n\t\t\t\t<\/div>\n\t\t<div data-particle_enable=\"false\" data-particle-mobile-disabled=\"false\" class=\"elementor-element elementor-element-63dd489 e-flex e-con-boxed e-con e-parent\" data-id=\"63dd489\" data-element_type=\"container\" data-e-type=\"container\">\n\t\t\t\t\t<div class=\"e-con-inner\">\n\t\t<div data-particle_enable=\"false\" data-particle-mobile-disabled=\"false\" class=\"elementor-element elementor-element-779d514 e-con-full e-flex e-con e-child\" data-id=\"779d514\" data-element_type=\"container\" data-e-type=\"container\">\n\t\t\t\t<div class=\"elementor-element elementor-element-c8e8d1b elementor-cta--skin-cover elementor-cta--valign-bottom elementor-widget__width-initial elementor-invisible elementor-widget elementor-widget-call-to-action\" data-id=\"c8e8d1b\" data-element_type=\"widget\" data-e-type=\"widget\" data-settings=\"{&quot;_animation&quot;:&quot;fadeInUp&quot;}\" data-widget_type=\"call-to-action.default\">\n\t\t\t\t\t\t\t<div class=\"elementor-cta\">\n\t\t\t\t\t<div class=\"elementor-cta__bg-wrapper\">\n\t\t\t\t<div class=\"elementor-cta__bg elementor-bg\" style=\"background-image: url(https:\/\/www.komos.de\/wp-content\/uploads\/2025\/08\/imgi_22_KOMOS-GmbH-Spritzguss-Arburg_optimiert-1.jpg);\" role=\"img\" aria-label=\"imgi_22_KOMOS-GmbH-Spritzguss-Arburg_optimiert-1\"><\/div>\n\t\t\t\t<div class=\"elementor-cta__bg-overlay\"><\/div>\n\t\t\t<\/div>\n\t\t\t\t\t\t\t<div class=\"elementor-cta__content\">\n\t\t\t\t\n\t\t\t\t\t\t\t\t\t<h2 class=\"elementor-cta__title elementor-cta__content-item elementor-content-item\">\n\t\t\t\t\t\tDeine Ausbildung\t\t\t\t\t<\/h2>\n\t\t\t\t\n\t\t\t\t\t\t\t\t\t<div class=\"elementor-cta__description elementor-cta__content-item elementor-content-item\">\n\t\t\t\t\t\t\u201eWillst du einen Beruf lernen, der Technik, Pr\u00e4zision und Teamgeist perfekt verbindet?\u201c\t\t\t\t\t<\/div>\n\t\t\t\t\n\t\t\t\t\t\t\t\t\t<div class=\"elementor-cta__button-wrapper elementor-cta__content-item elementor-content-item \">\n\t\t\t\t\t<a class=\"elementor-cta__button elementor-button elementor-size-\" href=\"https:\/\/www.komos.de\/ausbildung\/\">\n\t\t\t\t\t\tDein Platz bei KOMOS\t\t\t\t\t<\/a>\n\t\t\t\t\t<\/div>\n\t\t\t\t\t\t\t<\/div>\n\t\t\t\t\t\t<\/div>\n\t\t\t\t\t\t<\/div>\n\t\t\t\t<div class=\"elementor-element elementor-element-d63034d elementor-cta--skin-cover elementor-cta--valign-bottom elementor-widget__width-initial elementor-invisible elementor-widget elementor-widget-call-to-action\" data-id=\"d63034d\" data-element_type=\"widget\" data-e-type=\"widget\" data-settings=\"{&quot;_animation&quot;:&quot;fadeInUp&quot;}\" data-widget_type=\"call-to-action.default\">\n\t\t\t\t\t\t\t<div class=\"elementor-cta\">\n\t\t\t\t\t<div class=\"elementor-cta__bg-wrapper\">\n\t\t\t\t<div class=\"elementor-cta__bg elementor-bg\" style=\"background-image: url(https:\/\/www.komos.de\/wp-content\/uploads\/2025\/08\/imgi_23_KOMOS-GmbH_Caroline_Giesemann_HR_Versand_Buchhaltung-scaled-1.webp);\" role=\"img\" aria-label=\"imgi_23_KOMOS-GmbH_Caroline_Giesemann_HR_Versand_Buchhaltung-scaled\"><\/div>\n\t\t\t\t<div class=\"elementor-cta__bg-overlay\"><\/div>\n\t\t\t<\/div>\n\t\t\t\t\t\t\t<div class=\"elementor-cta__content\">\n\t\t\t\t\n\t\t\t\t\t\t\t\t\t<h2 class=\"elementor-cta__title elementor-cta__content-item elementor-content-item\">\n\t\t\t\t\t\tDein Duales Studium\t\t\t\t\t<\/h2>\n\t\t\t\t\n\t\t\t\t\t\t\t\t\t<div class=\"elementor-cta__description elementor-cta__content-item elementor-content-item\">\n\t\t\t\t\t\t\u201eSuchst du ein Studium, das Theorie und Praxis nahtlos kombiniert und dich wirklich weiterbringt?\u201c\t\t\t\t\t<\/div>\n\t\t\t\t\n\t\t\t\t\t\t\t\t\t<div class=\"elementor-cta__button-wrapper elementor-cta__content-item elementor-content-item \">\n\t\t\t\t\t<a class=\"elementor-cta__button elementor-button elementor-size-\" href=\"https:\/\/www.komos.de\/studium\/\">\n\t\t\t\t\t\tDein Platz bei KOMOS\t\t\t\t\t<\/a>\n\t\t\t\t\t<\/div>\n\t\t\t\t\t\t\t<\/div>\n\t\t\t\t\t\t<\/div>\n\t\t\t\t\t\t<\/div>\n\t\t\t\t<div class=\"elementor-element elementor-element-f288c9d elementor-cta--skin-cover elementor-cta--valign-bottom elementor-widget__width-initial elementor-invisible elementor-widget elementor-widget-call-to-action\" data-id=\"f288c9d\" data-element_type=\"widget\" data-e-type=\"widget\" data-settings=\"{&quot;_animation&quot;:&quot;fadeInUp&quot;}\" data-widget_type=\"call-to-action.default\">\n\t\t\t\t\t\t\t<div class=\"elementor-cta\">\n\t\t\t\t\t<div class=\"elementor-cta__bg-wrapper\">\n\t\t\t\t<div class=\"elementor-cta__bg elementor-bg\" style=\"background-image: url(https:\/\/www.komos.de\/wp-content\/uploads\/2025\/08\/imgi_24_KOMOS_gmbh_GF_Karsten_Blumentritt.jpg);\" role=\"img\" aria-label=\"imgi_24_KOMOS_gmbh_GF_Karsten_Blumentritt\"><\/div>\n\t\t\t\t<div class=\"elementor-cta__bg-overlay\"><\/div>\n\t\t\t<\/div>\n\t\t\t\t\t\t\t<div class=\"elementor-cta__content\">\n\t\t\t\t\n\t\t\t\t\t\t\t\t\t<h2 class=\"elementor-cta__title elementor-cta__content-item elementor-content-item\">\n\t\t\t\t\t\tDein Job\t\t\t\t\t<\/h2>\n\t\t\t\t\n\t\t\t\t\t\t\t\t\t<div class=\"elementor-cta__description elementor-cta__content-item elementor-content-item\">\n\t\t\t\t\t\t\u201eM\u00f6chtest du in einem Umfeld arbeiten, in dem Verantwortung, Technik und Qualit\u00e4t zusammengeh\u00f6ren?\u201c\t\t\t\t\t<\/div>\n\t\t\t\t\n\t\t\t\t\t\t\t\t\t<div class=\"elementor-cta__button-wrapper elementor-cta__content-item elementor-content-item \">\n\t\t\t\t\t<a class=\"elementor-cta__button elementor-button elementor-size-\" href=\"https:\/\/www.komos.de\/aktuelle-jobangebote\/\">\n\t\t\t\t\t\tDein Platz bei KOMOS\t\t\t\t\t<\/a>\n\t\t\t\t\t<\/div>\n\t\t\t\t\t\t\t<\/div>\n\t\t\t\t\t\t<\/div>\n\t\t\t\t\t\t<\/div>\n\t\t\t\t<div class=\"elementor-element elementor-element-7481e4a elementor-cta--skin-cover elementor-cta--valign-bottom elementor-widget__width-initial elementor-invisible elementor-widget elementor-widget-call-to-action\" data-id=\"7481e4a\" data-element_type=\"widget\" data-e-type=\"widget\" data-settings=\"{&quot;_animation&quot;:&quot;fadeInUp&quot;}\" data-widget_type=\"call-to-action.default\">\n\t\t\t\t\t\t\t<div class=\"elementor-cta\">\n\t\t\t\t\t<div class=\"elementor-cta__bg-wrapper\">\n\t\t\t\t<div class=\"elementor-cta__bg elementor-bg\" style=\"background-image: url(https:\/\/www.komos.de\/wp-content\/uploads\/2025\/08\/imgi_25_komos_gmbh_meeting_verlauf.jpg);\" role=\"img\" aria-label=\"imgi_25_komos_gmbh_meeting_verlauf\"><\/div>\n\t\t\t\t<div class=\"elementor-cta__bg-overlay\"><\/div>\n\t\t\t<\/div>\n\t\t\t\t\t\t\t<div class=\"elementor-cta__content\">\n\t\t\t\t\n\t\t\t\t\t\t\t\t\t<h2 class=\"elementor-cta__title elementor-cta__content-item elementor-content-item\">\n\t\t\t\t\t\tDeine Initiativbewerbung\t\t\t\t\t<\/h2>\n\t\t\t\t\n\t\t\t\t\t\t\t\t\t<div class=\"elementor-cta__description elementor-cta__content-item elementor-content-item\">\n\t\t\t\t\t\t\u201eHast du Lust, deine Ideen einzubringen und mit uns die Zukunft der Fertigung aktiv zu gestalten?\u201c\t\t\t\t\t<\/div>\n\t\t\t\t\n\t\t\t\t\t\t\t\t\t<div class=\"elementor-cta__button-wrapper elementor-cta__content-item elementor-content-item \">\n\t\t\t\t\t<a class=\"elementor-cta__button elementor-button elementor-size-\" href=\"https:\/\/www.komos.de\/branchenloesungen\/\">\n\t\t\t\t\t\tDein Platz bei KOMOS\t\t\t\t\t<\/a>\n\t\t\t\t\t<\/div>\n\t\t\t\t\t\t\t<\/div>\n\t\t\t\t\t\t<\/div>\n\t\t\t\t\t\t<\/div>\n\t\t\t\t<\/div>\n\t\t\t\t\t<\/div>\n\t\t\t\t<\/div>\n\t\t\t\t<\/div>\n\t\t","protected":false},"excerpt":{"rendered":"<p>Ein Team. Deine Zukunft bei KOMOS in B\u00fcrgel. Seit mehr als 30 Jahren entwickeln und fertigen wir in B\u00fcrgel hochpr\u00e4zise Baugruppen f\u00fcr Medizintechnik, Automotive, Smart Home und Elektronik. Was uns besonders macht? Unser Team von rund 70 Kolleginnen und Kollegen aus 5 L\u00e4ndern \u2013 und die \u00dcberzeugung, dass echte Qualit\u00e4t nur gemeinsam entsteht. Darum lohnt [&hellip;]<\/p>\n","protected":false},"author":1,"featured_media":0,"parent":0,"menu_order":0,"comment_status":"closed","ping_status":"closed","template":"","meta":{"wp_typography_post_enhancements_disabled":false,"footnotes":""},"class_list":["post-1332","page","type-page","status-publish","hentry"],"yoast_head":"<!-- This site is optimized with the Yoast SEO plugin v26.9 - https:\/\/yoast.com\/product\/yoast-seo-wordpress\/ -->\n<title>Karriere - KOMOS<\/title>\n<meta name=\"description\" content=\"Karriere bei KOMOS: Werde Teil eines internationalen Teams mit flachen Hierarchien, pers\u00f6nlicher F\u00f6rderung, familienfreundlichen Arbeitszeiten und echten Entwicklungschancen in Th\u00fcringen.\" \/>\n<meta name=\"robots\" content=\"index, follow, max-snippet:-1, max-image-preview:large, max-video-preview:-1\" \/>\n<link rel=\"canonical\" href=\"https:\/\/www.komos.de\/en\/karriere\/\" \/>\n<meta property=\"og:locale\" content=\"en_US\" \/>\n<meta property=\"og:type\" content=\"article\" \/>\n<meta property=\"og:title\" content=\"Karriere - KOMOS\" \/>\n<meta property=\"og:description\" content=\"Karriere bei KOMOS: Werde Teil eines internationalen Teams mit flachen Hierarchien, pers\u00f6nlicher F\u00f6rderung, familienfreundlichen Arbeitszeiten und echten Entwicklungschancen in Th\u00fcringen.\" \/>\n<meta property=\"og:url\" content=\"https:\/\/www.komos.de\/en\/karriere\/\" \/>\n<meta property=\"og:site_name\" content=\"KOMOS\" \/>\n<meta property=\"article:modified_time\" content=\"2025-11-09T11:27:12+00:00\" \/>\n<meta property=\"og:image\" content=\"https:\/\/www.komos.de\/wp-content\/uploads\/2025\/10\/puzzle-hero-215x300.png\" \/>\n<meta name=\"twitter:card\" content=\"summary_large_image\" \/>\n<meta name=\"twitter:label1\" content=\"Est. reading time\" \/>\n\t<meta name=\"twitter:data1\" content=\"3 minutes\" \/>\n<!-- \/ Yoast SEO plugin. -->","yoast_head_json":{"title":"Care\u00ader \u2014 KOMOS","description":"Care\u00ader at KOMOS: Beco\u00adme part of an inter\u00adna\u00adtio\u00adnal team with flat hier\u00adar\u00adchies, per\u00adso\u00adnal sup\u00adport, fami\u00adly-fri\u00adend\u00adly working hours and real deve\u00adlo\u00adp\u00adment oppor\u00adtu\u00adni\u00adties in Thu\u00adrin\u00adgia.","robots":{"index":"index","follow":"follow","max-snippet":"max-snippet:-1","max-image-preview":"max-image-preview:large","max-video-preview":"max-video-preview:-1"},"canonical":"https:\/\/www.komos.de\/en\/karriere\/","og_locale":"en_US","og_type":"article","og_title":"Karriere - KOMOS","og_description":"Karriere bei KOMOS: Werde Teil eines internationalen Teams mit flachen Hierarchien, pers\u00f6nlicher F\u00f6rderung, familienfreundlichen Arbeitszeiten und echten Entwicklungschancen in Th\u00fcringen.","og_url":"https:\/\/www.komos.de\/en\/karriere\/","og_site_name":"KOMOS","article_modified_time":"2025-11-09T11:27:12+00:00","og_image":[{"url":"https:\/\/www.komos.de\/wp-content\/uploads\/2025\/10\/puzzle-hero-215x300.png","type":"","width":"","height":""}],"twitter_card":"summary_large_image","twitter_misc":{"Est. reading time":"3 minutes"},"schema":{"@context":"https:\/\/schema.org","@graph":[{"@type":"WebPage","@id":"https:\/\/www.komos.de\/karriere\/","url":"https:\/\/www.komos.de\/karriere\/","name":"Care\u00ader \u2014 KOMOS","isPartOf":{"@id":"https:\/\/www.komos.de\/#website"},"primaryImageOfPage":{"@id":"https:\/\/www.komos.de\/karriere\/#primaryimage"},"image":{"@id":"https:\/\/www.komos.de\/karriere\/#primaryimage"},"thumbnailUrl":"https:\/\/www.komos.de\/wp-content\/uploads\/2025\/10\/puzzle-hero-215x300.png","datePublished":"2025-08-18T19:44:53+00:00","dateModified":"2025-11-09T11:27:12+00:00","description":"Care\u00ader at KOMOS: Beco\u00adme part of an inter\u00adna\u00adtio\u00adnal team with flat hier\u00adar\u00adchies, per\u00adso\u00adnal sup\u00adport, fami\u00adly-fri\u00adend\u00adly working hours and real deve\u00adlo\u00adp\u00adment oppor\u00adtu\u00adni\u00adties in Thu\u00adrin\u00adgia.","breadcrumb":{"@id":"https:\/\/www.komos.de\/karriere\/#breadcrumb"},"inLanguage":"en-US","potentialAction":[{"@type":"ReadAction","target":["https:\/\/www.komos.de\/karriere\/"]}]},{"@type":"ImageObject","inLanguage":"en-US","@id":"https:\/\/www.komos.de\/karriere\/#primaryimage","url":"https:\/\/www.komos.de\/wp-content\/uploads\/2025\/10\/puzzle-hero-215x300.png","contentUrl":"https:\/\/www.komos.de\/wp-content\/uploads\/2025\/10\/puzzle-hero-215x300.png"},{"@type":"BreadcrumbList","@id":"https:\/\/www.komos.de\/karriere\/#breadcrumb","itemListElement":[{"@type":"ListItem","position":1,"name":"Startseite","item":"https:\/\/www.komos.de\/"},{"@type":"ListItem","position":2,"name":"Karriere"}]},{"@type":"WebSite","@id":"https:\/\/www.komos.de\/#website","url":"https:\/\/www.komos.de\/","name":"KOMOS","description":"","publisher":{"@id":"https:\/\/www.komos.de\/#organization"},"potentialAction":[{"@type":"SearchAction","target":{"@type":"EntryPoint","urlTemplate":"https:\/\/www.komos.de\/?s={search_term_string}"},"query-input":{"@type":"PropertyValueSpecification","valueRequired":true,"valueName":"search_term_string"}}],"inLanguage":"en-US"},{"@type":"Organization","@id":"https:\/\/www.komos.de\/#organization","name":"KOMOS","url":"https:\/\/www.komos.de\/","logo":{"@type":"ImageObject","inLanguage":"en-US","@id":"https:\/\/www.komos.de\/#\/schema\/logo\/image\/","url":"https:\/\/www.komos.de\/wp-content\/uploads\/2025\/07\/imgi_1_logo_reduziert-1024x295-1.png","contentUrl":"https:\/\/www.komos.de\/wp-content\/uploads\/2025\/07\/imgi_1_logo_reduziert-1024x295-1.png","width":1024,"height":295,"caption":"KOMOS"},"image":{"@id":"https:\/\/www.komos.de\/#\/schema\/logo\/image\/"}}]}},"_links":{"self":[{"href":"https:\/\/www.komos.de\/en\/wp-json\/wp\/v2\/pages\/1332","targetHints":{"allow":["GET"]}}],"collection":[{"href":"https:\/\/www.komos.de\/en\/wp-json\/wp\/v2\/pages"}],"about":[{"href":"https:\/\/www.komos.de\/en\/wp-json\/wp\/v2\/types\/page"}],"author":[{"embeddable":true,"href":"https:\/\/www.komos.de\/en\/wp-json\/wp\/v2\/users\/1"}],"replies":[{"embeddable":true,"href":"https:\/\/www.komos.de\/en\/wp-json\/wp\/v2\/comments?post=1332"}],"version-history":[{"count":40,"href":"https:\/\/www.komos.de\/en\/wp-json\/wp\/v2\/pages\/1332\/revisions"}],"predecessor-version":[{"id":2699,"href":"https:\/\/www.komos.de\/en\/wp-json\/wp\/v2\/pages\/1332\/revisions\/2699"}],"wp:attachment":[{"href":"https:\/\/www.komos.de\/en\/wp-json\/wp\/v2\/media?parent=1332"}],"curies":[{"name":"wp","href":"https:\/\/api.w.org\/{rel}","templated":true}]}}