{"id":1338,"date":"2025-08-18T19:25:31","date_gmt":"2025-08-18T19:25:31","guid":{"rendered":"https:\/\/www.komos.de\/?page_id=1338"},"modified":"2026-04-08T14:05:13","modified_gmt":"2026-04-08T14:05:13","slug":"ausbildung","status":"publish","type":"page","link":"https:\/\/www.komos.de\/en\/ausbildung\/","title":{"rendered":"Edu\u00adca\u00adti\u00adon"},"content":{"rendered":"<div data-elementor-type=\"wp-page\" data-elementor-id=\"1338\" class=\"elementor elementor-1338\" data-elementor-post-type=\"page\">\n\t\t\t\t<div data-particle_enable=\"false\" data-particle-mobile-disabled=\"false\" class=\"elementor-element elementor-element-fe681d4 e-flex e-con-boxed e-con e-parent\" data-id=\"fe681d4\" data-element_type=\"container\" data-e-type=\"container\" data-settings=\"{&quot;background_background&quot;:&quot;classic&quot;}\">\n\t\t\t\t\t<div class=\"e-con-inner\">\n\t\t<div data-particle_enable=\"false\" data-particle-mobile-disabled=\"false\" class=\"elementor-element elementor-element-bd3e21e e-con-full e-flex e-con e-child\" data-id=\"bd3e21e\" data-element_type=\"container\" data-e-type=\"container\">\n\t\t\t\t<div class=\"elementor-element elementor-element-a1b169c elementor-widget elementor-widget-heading\" data-id=\"a1b169c\" data-element_type=\"widget\" data-e-type=\"widget\" data-widget_type=\"heading.default\">\n\t\t\t\t\t<h1 class=\"elementor-heading-title elementor-size-default\">Learn KOMOS!<\/h1>\t\t\t\t<\/div>\n\t\t\t\t<div class=\"elementor-element elementor-element-a01d9b7 elementor-widget elementor-widget-text-editor\" data-id=\"a01d9b7\" data-element_type=\"widget\" data-e-type=\"widget\" data-widget_type=\"text-editor.default\">\n\t\t\t\t\t\t\t\t\t<p data-start=\"1408\" data-end=\"1652\"><strong data-start=\"1408\" data-end=\"1451\">Your care\u00ader kick-off with pro\u00ads\u00adpects!<\/strong><\/p><p data-start=\"1408\" data-end=\"1652\">Just like in sport, a strong start counts. At KOMOS, you turn talent into real exper\u00adti\u00adse \u2014 with app\u00adre\u00adcia\u00adti\u00adon, pro\u00adfes\u00adsio\u00adnal gui\u00addance and a team that sup\u00adports you on your path to suc\u00adcess.<\/p><p data-start=\"1654\" data-end=\"1849\"><strong data-start=\"1654\" data-end=\"1679\">Well-being included:<\/strong> With us, you will not only grow pro\u00adfes\u00adsio\u00adnal\u00adly, but also find an envi\u00adron\u00adment in which you feel at home. We give you secu\u00adri\u00adty and pro\u00ads\u00adpects \u2014 today and in the future.<\/p><p data-start=\"1851\" data-end=\"1950\"><strong data-start=\"1854\" data-end=\"1948\">Get to know us! Start with a vaca\u00adti\u00adon job or intern\u00adship and expe\u00adri\u00adence how KOMOS works.<\/strong><\/p>\t\t\t\t\t\t\t\t<\/div>\n\t\t\t\t<\/div>\n\t\t<div data-particle_enable=\"false\" data-particle-mobile-disabled=\"false\" class=\"elementor-element elementor-element-004bcb1 e-con-full e-flex e-con e-child\" data-id=\"004bcb1\" data-element_type=\"container\" data-e-type=\"container\">\n\t\t\t\t<\/div>\n\t\t\t\t\t<\/div>\n\t\t\t\t<\/div>\n\t\t<div data-particle_enable=\"false\" data-particle-mobile-disabled=\"false\" class=\"elementor-element elementor-element-07c0c29 e-flex e-con-boxed e-con e-parent\" data-id=\"07c0c29\" data-element_type=\"container\" data-e-type=\"container\">\n\t\t\t\t\t<div class=\"e-con-inner\">\n\t\t\t\t<div class=\"elementor-element elementor-element-12682e0 elementor-widget elementor-widget-shortcode\" data-id=\"12682e0\" data-element_type=\"widget\" data-e-type=\"widget\" data-widget_type=\"shortcode.default\">\n\t\t\t\t\t\t\t<div class=\"elementor-shortcode\"><div class=\"job-listing row clearfix\"><div class=\"column medium-12 col-md-12\"><div class=\"job-preview clearfix\"><div class=\"job-content\"><h5><a href=\"https:\/\/www.komos.de\/en\/job\/zerspanungsmechaniker-in-fachrichtung-drehen\/\" target=\"_self\"><span>Cutting machine operator, specializing in turning<\/span><\/a><\/h5><div class=\"job-additional-information\"><span>B\u00fcr\u00adgel<\/span><\/div><\/div><div class=\"job-cta\"><a href=\"https:\/\/www.komos.de\/en\/job\/zerspanungsmechaniker-in-fachrichtung-drehen\/\" target=\"_self\" class=\"apply-btn local\">View<\/a><\/div><\/div><div class=\"job-preview clearfix\"><div class=\"job-content\"><h5><a href=\"https:\/\/www.komos.de\/en\/job\/werkzeugmechaniker-in\/\" target=\"_self\"><span>Apprenticeship as a tool mechanic (m\/f\/d)<\/span><\/a><\/h5><div class=\"job-additional-information\"><span>B\u00fcr\u00adgel<\/span><span class=\"job-preview-details-separator\">, <span><span>Full-time<\/span><\/span><\/span><\/div><\/div><div class=\"job-cta\"><a href=\"https:\/\/www.komos.de\/en\/job\/werkzeugmechaniker-in\/\" target=\"_self\" class=\"apply-btn local\">View<\/a><\/div><\/div><div class=\"job-preview clearfix\"><div class=\"job-content\"><h5><a href=\"https:\/\/www.komos.de\/en\/job\/kunststoff-und-kautschuktechnologe-m-w-d\/\" target=\"_self\"><span>Training as a plastics and rubber technologist (m\/f\/d)<\/span><\/a><\/h5><div class=\"job-additional-information\"><span>B\u00fcr\u00adgel<\/span><span class=\"job-preview-details-separator\">, <span><span>Full-time<\/span><\/span><\/span><\/div><\/div><div class=\"job-cta\"><a href=\"https:\/\/www.komos.de\/en\/job\/kunststoff-und-kautschuktechnologe-m-w-d\/\" target=\"_self\" class=\"apply-btn local\">View<\/a><\/div><\/div><\/div><\/div><\/div>\n\t\t\t\t\t\t<\/div>\n\t\t\t\t\t<\/div>\n\t\t\t\t<\/div>\n\t\t<div data-particle_enable=\"false\" data-particle-mobile-disabled=\"false\" class=\"elementor-element elementor-element-7765116 e-flex e-con-boxed e-con e-parent\" data-id=\"7765116\" data-element_type=\"container\" data-e-type=\"container\">\n\t\t\t\t\t<div class=\"e-con-inner\">\n\t\t<div data-particle_enable=\"false\" data-particle-mobile-disabled=\"false\" class=\"elementor-element elementor-element-b5f9b0e e-con-full e-flex e-con e-child\" data-id=\"b5f9b0e\" data-element_type=\"container\" data-e-type=\"container\">\n\t\t<div data-particle_enable=\"false\" data-particle-mobile-disabled=\"false\" class=\"elementor-element elementor-element-199e241 e-con-full e-flex e-con e-child\" data-id=\"199e241\" data-element_type=\"container\" data-e-type=\"container\">\n\t\t\t\t<div class=\"elementor-element elementor-element-70034be elementor-widget elementor-widget-heading\" data-id=\"70034be\" data-element_type=\"widget\" data-e-type=\"widget\" data-widget_type=\"heading.default\">\n\t\t\t\t\t<h2 class=\"elementor-heading-title elementor-size-default\">Your career start at KOMOS \u2014 what you can expect:<\/h2>\t\t\t\t<\/div>\n\t\t\t\t<\/div>\n\t\t\t\t<\/div>\n\t\t\t\t<div class=\"elementor-element elementor-element-d254217 elementor-widget__width-initial elementor-widget elementor-widget-text-editor\" data-id=\"d254217\" data-element_type=\"widget\" data-e-type=\"widget\" data-widget_type=\"text-editor.default\">\n\t\t\t\t\t\t\t\t\t<p data-start=\"1110\" data-end=\"1253\"><strong data-start=\"1110\" data-end=\"1147\">Trai\u00adning with a fami\u00adly con\u00adnec\u00adtion:<\/strong><br data-start=\"1147\" data-end=\"1150\">At KOMOS, you will start your care\u00ader in a modern fami\u00adly busi\u00adness that focu\u00adses on per\u00adso\u00adnal sup\u00adport.<\/p><p data-start=\"1255\" data-end=\"1391\">A strong team of around 70 col\u00adle\u00adagues awaits you here \u2014 with sup\u00adport, genui\u00adne com\u00admu\u00adni\u00adty and enjoy\u00adment of the work.<\/p>\t\t\t\t\t\t\t\t<\/div>\n\t\t\t\t\t<\/div>\n\t\t\t\t<\/div>\n\t\t<div data-particle_enable=\"false\" data-particle-mobile-disabled=\"false\" class=\"elementor-element elementor-element-237a578 e-flex e-con-boxed e-con e-parent\" data-id=\"237a578\" data-element_type=\"container\" data-e-type=\"container\">\n\t\t\t\t\t<div class=\"e-con-inner\">\n\t\t\t\t\t<\/div>\n\t\t\t\t<\/div>\n\t\t\t\t<\/div>","protected":false},"excerpt":{"rendered":"<p>Lerne KOMOS! Dein Karriere-Kick-off mit Perspektive! Wie im Sport z\u00e4hlt ein starker Start. Bei KOMOS machst Du aus Talent echte Expertise \u2013 mit Wertsch\u00e4tzung, professioneller Begleitung und einem Team, das Dich auf Deinem Weg zum Erfolg unterst\u00fctzt. Wohlf\u00fchlen inklusive: Bei uns w\u00e4chst Du nicht nur fachlich, sondern findest auch ein Umfeld, in dem Du Dich [&hellip;]<\/p>\n","protected":false},"author":1,"featured_media":0,"parent":0,"menu_order":0,"comment_status":"closed","ping_status":"closed","template":"","meta":{"wp_typography_post_enhancements_disabled":false,"footnotes":""},"class_list":["post-1338","page","type-page","status-publish","hentry"],"yoast_head":"<!-- This site is optimized with the Yoast SEO plugin v26.9 - https:\/\/yoast.com\/product\/yoast-seo-wordpress\/ -->\n<title>Ausbildung - KOMOS<\/title>\n<meta name=\"description\" content=\"Starte deine Ausbildung bei KOMOS \u2013 in einem modernen Familienunternehmen mit pers\u00f6nlicher Betreuung, technischen Berufen und echter Zukunftsperspektive in Th\u00fcringen!\" \/>\n<meta name=\"robots\" content=\"index, follow, max-snippet:-1, max-image-preview:large, max-video-preview:-1\" \/>\n<link rel=\"canonical\" href=\"https:\/\/www.komos.de\/en\/ausbildung\/\" \/>\n<meta property=\"og:locale\" content=\"en_US\" \/>\n<meta property=\"og:type\" content=\"article\" \/>\n<meta property=\"og:title\" content=\"Ausbildung - KOMOS\" \/>\n<meta property=\"og:description\" content=\"Starte deine Ausbildung bei KOMOS \u2013 in einem modernen Familienunternehmen mit pers\u00f6nlicher Betreuung, technischen Berufen und echter Zukunftsperspektive in Th\u00fcringen!\" \/>\n<meta property=\"og:url\" content=\"https:\/\/www.komos.de\/en\/ausbildung\/\" \/>\n<meta property=\"og:site_name\" content=\"KOMOS\" \/>\n<meta property=\"article:modified_time\" content=\"2026-04-08T14:05:13+00:00\" \/>\n<meta name=\"twitter:card\" content=\"summary_large_image\" \/>\n<meta name=\"twitter:label1\" content=\"Est. reading time\" \/>\n\t<meta name=\"twitter:data1\" content=\"1 minute\" \/>\n<!-- \/ Yoast SEO plugin. -->","yoast_head_json":{"title":"Trai\u00adning \u2014 KOMOS","description":"Start your app\u00adren\u00adti\u00adce\u00adship at KOMOS \u2014 in a modern fami\u00adly busi\u00adness with per\u00adso\u00adnal sup\u00adport, tech\u00adni\u00adcal pro\u00adfes\u00adsi\u00adons and real pro\u00ads\u00adpects for the future in Thu\u00adrin\u00adgia!","robots":{"index":"index","follow":"follow","max-snippet":"max-snippet:-1","max-image-preview":"max-image-preview:large","max-video-preview":"max-video-preview:-1"},"canonical":"https:\/\/www.komos.de\/en\/ausbildung\/","og_locale":"en_US","og_type":"article","og_title":"Ausbildung - KOMOS","og_description":"Starte deine Ausbildung bei KOMOS \u2013 in einem modernen Familienunternehmen mit pers\u00f6nlicher Betreuung, technischen Berufen und echter Zukunftsperspektive in Th\u00fcringen!","og_url":"https:\/\/www.komos.de\/en\/ausbildung\/","og_site_name":"KOMOS","article_modified_time":"2026-04-08T14:05:13+00:00","twitter_card":"summary_large_image","twitter_misc":{"Est. reading time":"1 minute"},"schema":{"@context":"https:\/\/schema.org","@graph":[{"@type":"WebPage","@id":"https:\/\/www.komos.de\/ausbildung\/","url":"https:\/\/www.komos.de\/ausbildung\/","name":"Trai\u00adning \u2014 KOMOS","isPartOf":{"@id":"https:\/\/www.komos.de\/#website"},"datePublished":"2025-08-18T19:25:31+00:00","dateModified":"2026-04-08T14:05:13+00:00","description":"Start your app\u00adren\u00adti\u00adce\u00adship at KOMOS \u2014 in a modern fami\u00adly busi\u00adness with per\u00adso\u00adnal sup\u00adport, tech\u00adni\u00adcal pro\u00adfes\u00adsi\u00adons and real pro\u00ads\u00adpects for the future in Thu\u00adrin\u00adgia!","breadcrumb":{"@id":"https:\/\/www.komos.de\/ausbildung\/#breadcrumb"},"inLanguage":"en-US","potentialAction":[{"@type":"ReadAction","target":["https:\/\/www.komos.de\/ausbildung\/"]}]},{"@type":"BreadcrumbList","@id":"https:\/\/www.komos.de\/ausbildung\/#breadcrumb","itemListElement":[{"@type":"ListItem","position":1,"name":"Startseite","item":"https:\/\/www.komos.de\/"},{"@type":"ListItem","position":2,"name":"Ausbildung"}]},{"@type":"WebSite","@id":"https:\/\/www.komos.de\/#website","url":"https:\/\/www.komos.de\/","name":"KOMOS","description":"","publisher":{"@id":"https:\/\/www.komos.de\/#organization"},"potentialAction":[{"@type":"SearchAction","target":{"@type":"EntryPoint","urlTemplate":"https:\/\/www.komos.de\/?s={search_term_string}"},"query-input":{"@type":"PropertyValueSpecification","valueRequired":true,"valueName":"search_term_string"}}],"inLanguage":"en-US"},{"@type":"Organization","@id":"https:\/\/www.komos.de\/#organization","name":"KOMOS","url":"https:\/\/www.komos.de\/","logo":{"@type":"ImageObject","inLanguage":"en-US","@id":"https:\/\/www.komos.de\/#\/schema\/logo\/image\/","url":"https:\/\/www.komos.de\/wp-content\/uploads\/2025\/07\/imgi_1_logo_reduziert-1024x295-1.png","contentUrl":"https:\/\/www.komos.de\/wp-content\/uploads\/2025\/07\/imgi_1_logo_reduziert-1024x295-1.png","width":1024,"height":295,"caption":"KOMOS"},"image":{"@id":"https:\/\/www.komos.de\/#\/schema\/logo\/image\/"}}]}},"_links":{"self":[{"href":"https:\/\/www.komos.de\/en\/wp-json\/wp\/v2\/pages\/1338","targetHints":{"allow":["GET"]}}],"collection":[{"href":"https:\/\/www.komos.de\/en\/wp-json\/wp\/v2\/pages"}],"about":[{"href":"https:\/\/www.komos.de\/en\/wp-json\/wp\/v2\/types\/page"}],"author":[{"embeddable":true,"href":"https:\/\/www.komos.de\/en\/wp-json\/wp\/v2\/users\/1"}],"replies":[{"embeddable":true,"href":"https:\/\/www.komos.de\/en\/wp-json\/wp\/v2\/comments?post=1338"}],"version-history":[{"count":31,"href":"https:\/\/www.komos.de\/en\/wp-json\/wp\/v2\/pages\/1338\/revisions"}],"predecessor-version":[{"id":3808,"href":"https:\/\/www.komos.de\/en\/wp-json\/wp\/v2\/pages\/1338\/revisions\/3808"}],"wp:attachment":[{"href":"https:\/\/www.komos.de\/en\/wp-json\/wp\/v2\/media?parent=1338"}],"curies":[{"name":"wp","href":"https:\/\/api.w.org\/{rel}","templated":true}]}}