{"id":173,"date":"2025-07-11T07:10:55","date_gmt":"2025-07-11T07:10:55","guid":{"rendered":"https:\/\/tender-borg.45-85-217-106.plesk.page\/?page_id=173"},"modified":"2025-10-24T20:35:48","modified_gmt":"2025-10-24T20:35:48","slug":"loesungen","status":"publish","type":"page","link":"https:\/\/www.komos.de\/en\/loesungen\/","title":{"rendered":"Solu\u00adti\u00adons"},"content":{"rendered":"<div data-elementor-type=\"wp-page\" data-elementor-id=\"173\" class=\"elementor elementor-173\" data-elementor-post-type=\"page\">\n\t\t\t\t<div data-particle_enable=\"false\" data-particle-mobile-disabled=\"false\" class=\"elementor-element elementor-element-479d517 e-flex e-con-boxed e-con e-parent\" data-id=\"479d517\" data-element_type=\"container\" data-e-type=\"container\" data-settings=\"{&quot;background_background&quot;:&quot;classic&quot;}\">\n\t\t\t\t\t<div class=\"e-con-inner\">\n\t\t<div data-particle_enable=\"false\" data-particle-mobile-disabled=\"false\" class=\"elementor-element elementor-element-2730230 e-con-full e-flex e-con e-child\" data-id=\"2730230\" data-element_type=\"container\" data-e-type=\"container\">\n\t\t\t\t<div class=\"elementor-element elementor-element-78ad014 elementor-widget elementor-widget-heading\" data-id=\"78ad014\" data-element_type=\"widget\" data-e-type=\"widget\" data-widget_type=\"heading.default\">\n\t\t\t\t\t<h1 class=\"elementor-heading-title elementor-size-default\">Our solutions<\/h1>\t\t\t\t<\/div>\n\t\t\t\t<div class=\"elementor-element elementor-element-ca17491 elementor-widget elementor-widget-text-editor\" data-id=\"ca17491\" data-element_type=\"widget\" data-e-type=\"widget\" data-widget_type=\"text-editor.default\">\n\t\t\t\t\t\t\t\t\t<p>With our solu\u00adti\u00adons, you can bring your pro\u00adduct to mar\u00adket fas\u00adter and more relia\u00adbly \u2014 thanks to maxi\u00admum pro\u00adcess relia\u00adbi\u00adli\u00adty and com\u00adple\u00adte tracea\u00adbi\u00adli\u00adty.<\/p>\t\t\t\t\t\t\t\t<\/div>\n\t\t\t\t<\/div>\n\t\t<div data-particle_enable=\"false\" data-particle-mobile-disabled=\"false\" class=\"elementor-element elementor-element-c8afdd6 e-con-full e-flex e-con e-child\" data-id=\"c8afdd6\" data-element_type=\"container\" data-e-type=\"container\">\n\t\t\t\t<div class=\"elementor-element elementor-element-9b65251 elementor-align-right elementor-widget elementor-widget-button\" data-id=\"9b65251\" data-element_type=\"widget\" data-e-type=\"widget\" data-widget_type=\"button.default\">\n\t\t\t\t\t\t\t\t\t\t<a class=\"elementor-button elementor-button-link elementor-size-sm\" href=\"https:\/\/www.komos.de\/en\/kontakt\/\">\n\t\t\t\t\t\t<span class=\"elementor-button-content-wrapper\">\n\t\t\t\t\t\t<span class=\"elementor-button-icon\">\n\t\t\t\t<svg aria-hidden=\"true\" class=\"e-font-icon-svg e-far-calendar-check\" viewBox=\"0 0 448 512\"><path d=\"M400 64h-48V12c0-6.627-5.373-12-12-12h-40c-6.627 0-12 5.373-12 12v52H160V12c0-6.627-5.373-12-12-12h-40c-6.627 0-12 5.373-12 12v52H48C21.49 64 0 85.49 0 112v352c0 26.51 21.49 48 48 48h352c26.51 0 48-21.49 48-48V112c0-26.51-21.49-48-48-48zm-6 400H54a6 6 0 0 1-6-6V160h352v298a6 6 0 0 1-6 6zm-52.849-200.65L198.842 404.519c-4.705 4.667-12.303 4.637-16.971-.068l-75.091-75.699c-4.667-4.705-4.637-12.303.068-16.971l22.719-22.536c4.705-4.667 12.303-4.637 16.97.069l44.104 44.461 111.072-110.181c4.705-4.667 12.303-4.637 16.971.068l22.536 22.718c4.667 4.705 4.636 12.303-.069 16.97z\" \/><\/svg>\t\t\t<\/span>\n\t\t\t\t\t\t\t\t\t<span class=\"elementor-button-text\">Request advice<\/span>\n\t\t\t\t\t<\/span>\n\t\t\t\t\t<\/a>\n\t\t\t\t\t\t\t\t<\/div>\n\t\t<div data-particle_enable=\"false\" data-particle-mobile-disabled=\"false\" class=\"elementor-element elementor-element-bd859c9 e-con-full e-flex e-con e-child\" data-id=\"bd859c9\" data-element_type=\"container\" data-e-type=\"container\">\n\t\t\t\t<div class=\"elementor-element elementor-element-704c3e7 elementor-widget__width-initial elementor-widget elementor-widget-image\" data-id=\"704c3e7\" data-element_type=\"widget\" data-e-type=\"widget\" data-widget_type=\"image.default\">\n\t\t\t\t\t\t\t\t\t\t\t\t\t\t\t<img fetchpriority=\"high\" decoding=\"async\" width=\"608\" height=\"194\" src=\"https:\/\/www.komos.de\/wp-content\/uploads\/2025\/07\/Group-3-1.png\" class=\"attachment-large size-large wp-image-152\" alt srcset=\"https:\/\/www.komos.de\/wp-content\/uploads\/2025\/07\/Group-3-1.png 608w, https:\/\/www.komos.de\/wp-content\/uploads\/2025\/07\/Group-3-1-300x96.png 300w\" sizes=\"(max-width: 608px) 100vw, 608px\">\t\t\t\t\t\t\t\t\t\t\t\t\t\t\t<\/div>\n\t\t\t\t<div class=\"elementor-element elementor-element-d0a927e elementor-widget elementor-widget-text-editor\" data-id=\"d0a927e\" data-element_type=\"widget\" data-e-type=\"widget\" data-widget_type=\"text-editor.default\">\n\t\t\t\t\t\t\t\t\tOver 300+ cus\u00adto\u00admers \t\t\t\t\t\t\t\t<\/div>\n\t\t\t\t<\/div>\n\t\t\t\t<\/div>\n\t\t\t\t\t<\/div>\n\t\t\t\t<\/div>\n\t\t<div data-particle_enable=\"false\" data-particle-mobile-disabled=\"false\" class=\"elementor-element elementor-element-2ddb550 e-flex e-con-boxed e-con e-parent\" data-id=\"2ddb550\" data-element_type=\"container\" data-e-type=\"container\">\n\t\t\t\t\t<div class=\"e-con-inner\">\n\t\t<div data-particle_enable=\"false\" data-particle-mobile-disabled=\"false\" class=\"elementor-element elementor-element-16542bb e-con-full e-flex e-con e-child\" data-id=\"16542bb\" data-element_type=\"container\" data-e-type=\"container\">\n\t\t\t\t<div class=\"elementor-element elementor-element-1448ca5 elementor-cta--skin-cover elementor-cta--valign-bottom elementor-widget__width-initial elementor-invisible elementor-widget elementor-widget-call-to-action\" data-id=\"1448ca5\" data-element_type=\"widget\" data-e-type=\"widget\" data-settings=\"{&quot;_animation&quot;:&quot;fadeInUp&quot;}\" data-widget_type=\"call-to-action.default\">\n\t\t\t\t\t\t\t<div class=\"elementor-cta\">\n\t\t\t\t\t<div class=\"elementor-cta__bg-wrapper\">\n\t\t\t\t<div class=\"elementor-cta__bg elementor-bg\" style=\"background-image: url(https:\/\/www.komos.de\/wp-content\/uploads\/2025\/08\/technologievorsprung.jpg);\" role=\"img\" aria-label=\"technological lead\"><\/div>\n\t\t\t\t<div class=\"elementor-cta__bg-overlay\"><\/div>\n\t\t\t<\/div>\n\t\t\t\t\t\t\t<div class=\"elementor-cta__content\">\n\t\t\t\t\n\t\t\t\t\t\t\t\t\t<span class=\"elementor-cta__title elementor-cta__content-item elementor-content-item\">\n\t\t\t\t\t\tTech\u00adno\u00adlo\u00adgi\u00adcal edge <br> use\t\t\t\t\t<\/span>\n\t\t\t\t\n\t\t\t\t\t\t\t\t\t<div class=\"elementor-cta__description elementor-cta__content-item elementor-content-item\">\n\t\t\t\t\t\tSin\u00adce 1991, you have bene\u00adfi\u00adted from four pro\u00adduc\u00adtion tech\u00adno\u00adlo\u00adgies under one roof. This allows us to crea\u00adte com\u00adplex assem\u00adblies wit\u00adhout the need for coor\u00addi\u00adna\u00adti\u00adon \u2014 from the first pro\u00adto\u00adty\u00adpe to series pro\u00adduc\u00adtion.\t\t\t\t\t<\/div>\n\t\t\t\t\n\t\t\t\t\t\t\t\t\t<div class=\"elementor-cta__button-wrapper elementor-cta__content-item elementor-content-item\">\n\t\t\t\t\t<a class=\"elementor-cta__button elementor-button elementor-size-\" href=\"https:\/\/www.komos.de\/en\/loesungen-technologievorsprung-nutzen\/\">\n\t\t\t\t\t\tLearn more\t\t\t\t\t<\/a>\n\t\t\t\t\t<\/div>\n\t\t\t\t\t\t\t<\/div>\n\t\t\t\t\t\t<\/div>\n\t\t\t\t\t\t<\/div>\n\t\t\t\t<div class=\"elementor-element elementor-element-1e57a03 elementor-cta--skin-cover elementor-cta--valign-bottom elementor-widget__width-initial elementor-invisible elementor-widget elementor-widget-call-to-action\" data-id=\"1e57a03\" data-element_type=\"widget\" data-e-type=\"widget\" data-settings=\"{&quot;_animation&quot;:&quot;fadeInUp&quot;}\" data-widget_type=\"call-to-action.default\">\n\t\t\t\t\t\t\t<div class=\"elementor-cta\">\n\t\t\t\t\t<div class=\"elementor-cta__bg-wrapper\">\n\t\t\t\t<div class=\"elementor-cta__bg elementor-bg\" style=\"background-image: url(https:\/\/www.komos.de\/wp-content\/uploads\/2025\/08\/Prozesse_effizient.jpg);\" role=\"img\" aria-label=\"Processes_efficient\"><\/div>\n\t\t\t\t<div class=\"elementor-cta__bg-overlay\"><\/div>\n\t\t\t<\/div>\n\t\t\t\t\t\t\t<div class=\"elementor-cta__content\">\n\t\t\t\t\n\t\t\t\t\t\t\t\t\t<span class=\"elementor-cta__title elementor-cta__content-item elementor-content-item\">\n\t\t\t\t\t\tPro\u00adces\u00adses more effi\u00adci\u00adent <br> design\t\t\t\t\t<\/span>\n\t\t\t\t\n\t\t\t\t\t\t\t\t\t<div class=\"elementor-cta__description elementor-cta__content-item elementor-content-item\">\n\t\t\t\t\t\tIns\u00adtead of 5\u20138 indi\u00advi\u00addu\u00adal sup\u00adpli\u00aders, KOMOS pro\u00advi\u00addes you with inte\u00adgra\u00adted com\u00adple\u00adte pro\u00adduc\u00adtion. One cont\u00adact, one pri\u00adce, one respon\u00adsi\u00adbi\u00adli\u00adty \u2014 for clear pro\u00adces\u00adses and full trans\u00adpa\u00adren\u00adcy.\t\t\t\t\t<\/div>\n\t\t\t\t\n\t\t\t\t\t\t\t\t\t<div class=\"elementor-cta__button-wrapper elementor-cta__content-item elementor-content-item\">\n\t\t\t\t\t<a class=\"elementor-cta__button elementor-button elementor-size-\" href=\"https:\/\/www.komos.de\/en\/loesungen-prozesse-effizienter-gestalten\/\">\n\t\t\t\t\t\tLearn more\t\t\t\t\t<\/a>\n\t\t\t\t\t<\/div>\n\t\t\t\t\t\t\t<\/div>\n\t\t\t\t\t\t<\/div>\n\t\t\t\t\t\t<\/div>\n\t\t\t\t<div class=\"elementor-element elementor-element-a7bca95 elementor-cta--skin-cover elementor-cta--valign-bottom elementor-widget__width-initial elementor-invisible elementor-widget elementor-widget-call-to-action\" data-id=\"a7bca95\" data-element_type=\"widget\" data-e-type=\"widget\" data-settings=\"{&quot;_animation&quot;:&quot;fadeInUp&quot;}\" data-widget_type=\"call-to-action.default\">\n\t\t\t\t\t\t\t<div class=\"elementor-cta\">\n\t\t\t\t\t<div class=\"elementor-cta__bg-wrapper\">\n\t\t\t\t<div class=\"elementor-cta__bg elementor-bg\" style=\"background-image: url(https:\/\/www.komos.de\/wp-content\/uploads\/2025\/08\/Qualita\u0308t_Komos.jpg);\" role=\"img\" aria-label=\"Quality_Komos\"><\/div>\n\t\t\t\t<div class=\"elementor-cta__bg-overlay\"><\/div>\n\t\t\t<\/div>\n\t\t\t\t\t\t\t<div class=\"elementor-cta__content\">\n\t\t\t\t\n\t\t\t\t\t\t\t\t\t<span class=\"elementor-cta__title elementor-cta__content-item elementor-content-item\">\n\t\t\t\t\t\tQua\u00adli\u00adty <br>Sys\u00adte\u00adma\u00adti\u00adcal\u00adly secu\u00adre\t\t\t\t\t<\/span>\n\t\t\t\t\n\t\t\t\t\t\t\t\t\t<div class=\"elementor-cta__description elementor-cta__content-item elementor-content-item\">\n\t\t\t\t\t\tCer\u00adti\u00adfied pro\u00adces\u00adses in accordance with ISO 9001, ISO 13485 and VDE ensu\u00adre maxi\u00admum pro\u00adcess sta\u00adbi\u00adli\u00adty and tracea\u00adbi\u00adli\u00adty \u2014 for appr\u00adoval relia\u00adbi\u00adli\u00adty and time savings in medi\u00adcal tech\u00adno\u00adlo\u00adgy.\t\t\t\t\t<\/div>\n\t\t\t\t\n\t\t\t\t\t\t\t\t\t<div class=\"elementor-cta__button-wrapper elementor-cta__content-item elementor-content-item\">\n\t\t\t\t\t<a class=\"elementor-cta__button elementor-button elementor-size-\" href=\"https:\/\/www.komos.de\/en\/loesungen-qualitaet-systematisch-sichern\/\">\n\t\t\t\t\t\tLearn more\t\t\t\t\t<\/a>\n\t\t\t\t\t<\/div>\n\t\t\t\t\t\t\t<\/div>\n\t\t\t\t\t\t<\/div>\n\t\t\t\t\t\t<\/div>\n\t\t\t\t<div class=\"elementor-element elementor-element-7402699 elementor-cta--skin-cover elementor-cta--valign-bottom elementor-widget__width-initial elementor-invisible elementor-widget elementor-widget-call-to-action\" data-id=\"7402699\" data-element_type=\"widget\" data-e-type=\"widget\" data-settings=\"{&quot;_animation&quot;:&quot;fadeInUp&quot;}\" data-widget_type=\"call-to-action.default\">\n\t\t\t\t\t\t\t<div class=\"elementor-cta\">\n\t\t\t\t\t<div class=\"elementor-cta__bg-wrapper\">\n\t\t\t\t<div class=\"elementor-cta__bg elementor-bg\" style=\"background-image: url(https:\/\/www.komos.de\/wp-content\/uploads\/2025\/08\/branchenlo\u0308sungen.jpg);\" role=\"img\" aria-label=\"industry solutions\"><\/div>\n\t\t\t\t<div class=\"elementor-cta__bg-overlay\"><\/div>\n\t\t\t<\/div>\n\t\t\t\t\t\t\t<div class=\"elementor-cta__content\">\n\t\t\t\t\n\t\t\t\t\t\t\t\t\t<span class=\"elementor-cta__title elementor-cta__content-item elementor-content-item\">\n\t\t\t\t\t\tIndus\u00adtry-spe\u00adci\u00adfic solu\u00adti\u00adons\t\t\t\t\t<\/span>\n\t\t\t\t\n\t\t\t\t\t\t\t\t\t<div class=\"elementor-cta__description elementor-cta__content-item elementor-content-item\">\n\t\t\t\t\t\tMedi\u00adcal tech\u00adno\u00adlo\u00adgy, smart home, auto\u00admo\u00adti\u00adve or elec\u00adtro\u00adnics \u2014 every indus\u00adtry has its own requi\u00adre\u00adments. You recei\u00adve tail\u00ador-made, cer\u00adti\u00adfied solu\u00adti\u00adons that sus\u00adtain\u00adab\u00adly streng\u00adthen your mar\u00adket suc\u00adcess.\t\t\t\t\t<\/div>\n\t\t\t\t\n\t\t\t\t\t\t\t\t\t<div class=\"elementor-cta__button-wrapper elementor-cta__content-item elementor-content-item\">\n\t\t\t\t\t<a class=\"elementor-cta__button elementor-button elementor-size-\" href=\"https:\/\/www.komos.de\/en\/branchenloesungen\/\">\n\t\t\t\t\t\tLearn more\t\t\t\t\t<\/a>\n\t\t\t\t\t<\/div>\n\t\t\t\t\t\t\t<\/div>\n\t\t\t\t\t\t<\/div>\n\t\t\t\t\t\t<\/div>\n\t\t\t\t<\/div>\n\t\t\t\t\t<\/div>\n\t\t\t\t<\/div>\n\t\t\t\t<\/div>","protected":false},"excerpt":{"rendered":"<p>Unsere L\u00f6sungen Mit unseren L\u00f6sungen bringen Sie Ihr Produkt schneller und sicherer auf den Markt \u2013 dank h\u00f6chster Prozesssicherheit und vollst\u00e4ndiger R\u00fcckverfolgbarkeit. Beratung anfragen \u00dcber 300+ Kunden Technologievorsprung nutzen Seit 1991 profitieren Sie von vier Fertigungstechnologien unter einem Dach. So entstehen komplexe Baugruppen ohne Koordinationsaufwand \u2013 vom ersten Prototyp bis zur Serie. Mehr erfahren Prozesse [&hellip;]<\/p>\n","protected":false},"author":1,"featured_media":0,"parent":0,"menu_order":0,"comment_status":"closed","ping_status":"closed","template":"","meta":{"wp_typography_post_enhancements_disabled":false,"footnotes":""},"class_list":["post-173","page","type-page","status-publish","hentry"],"yoast_head":"<!-- This site is optimized with the Yoast SEO plugin v26.9 - https:\/\/yoast.com\/product\/yoast-seo-wordpress\/ -->\n<title>L\u00f6sungen - KOMOS<\/title>\n<meta name=\"description\" content=\"KOMOS \u2013 L\u00f6sungen, die Ihr Produkt schneller und sicherer zum Markt bringen: H\u00f6chste Prozess-sicherheit, l\u00fcckenlose R\u00fcckverfolgbarkeit und effizient integrierte Komplettfertigung \u2013 alles aus einer Hand.\" \/>\n<meta name=\"robots\" content=\"index, follow, max-snippet:-1, max-image-preview:large, max-video-preview:-1\" \/>\n<link rel=\"canonical\" href=\"https:\/\/www.komos.de\/en\/loesungen\/\" \/>\n<meta property=\"og:locale\" content=\"en_US\" \/>\n<meta property=\"og:type\" content=\"article\" \/>\n<meta property=\"og:title\" content=\"L\u00f6sungen - KOMOS\" \/>\n<meta property=\"og:description\" content=\"KOMOS \u2013 L\u00f6sungen, die Ihr Produkt schneller und sicherer zum Markt bringen: H\u00f6chste Prozess-sicherheit, l\u00fcckenlose R\u00fcckverfolgbarkeit und effizient integrierte Komplettfertigung \u2013 alles aus einer Hand.\" \/>\n<meta property=\"og:url\" content=\"https:\/\/www.komos.de\/en\/loesungen\/\" \/>\n<meta property=\"og:site_name\" content=\"KOMOS\" \/>\n<meta property=\"article:modified_time\" content=\"2025-10-24T20:35:48+00:00\" \/>\n<meta property=\"og:image\" content=\"https:\/\/www.komos.de\/wp-content\/uploads\/2025\/07\/Group-3-1.png\" \/>\n\t<meta property=\"og:image:width\" content=\"608\" \/>\n\t<meta property=\"og:image:height\" content=\"194\" \/>\n\t<meta property=\"og:image:type\" content=\"image\/png\" \/>\n<meta name=\"twitter:card\" content=\"summary_large_image\" \/>\n<meta name=\"twitter:label1\" content=\"Est. reading time\" \/>\n\t<meta name=\"twitter:data1\" content=\"1 minute\" \/>\n<!-- \/ Yoast SEO plugin. -->","yoast_head_json":{"title":"L\u00f6sun\u00adgen \u2014 KOMOS","description":"KOMOS \u2013 L\u00f6sun\u00adgen, die Ihr Pro\u00addukt schnel\u00adler und siche\u00adrer zum Markt brin\u00adgen: H\u00f6chs\u00adte Pro\u00adzess-sicher\u00adheit, l\u00fccken\u00adlo\u00adse R\u00fcck\u00adver\u00adfolg\u00adbar\u00adkeit und effi\u00adzi\u00adent inte\u00adgrier\u00adte Kom\u00adplett\u00adfer\u00adti\u00adgung \u2013 alles aus einer Hand.","robots":{"index":"index","follow":"follow","max-snippet":"max-snippet:-1","max-image-preview":"max-image-preview:large","max-video-preview":"max-video-preview:-1"},"canonical":"https:\/\/www.komos.de\/en\/loesungen\/","og_locale":"en_US","og_type":"article","og_title":"L\u00f6sungen - KOMOS","og_description":"KOMOS \u2013 L\u00f6sungen, die Ihr Produkt schneller und sicherer zum Markt bringen: H\u00f6chste Prozess-sicherheit, l\u00fcckenlose R\u00fcckverfolgbarkeit und effizient integrierte Komplettfertigung \u2013 alles aus einer Hand.","og_url":"https:\/\/www.komos.de\/en\/loesungen\/","og_site_name":"KOMOS","article_modified_time":"2025-10-24T20:35:48+00:00","og_image":[{"width":608,"height":194,"url":"https:\/\/www.komos.de\/wp-content\/uploads\/2025\/07\/Group-3-1.png","type":"image\/png"}],"twitter_card":"summary_large_image","twitter_misc":{"Est. reading time":"1 minute"},"schema":{"@context":"https:\/\/schema.org","@graph":[{"@type":"WebPage","@id":"https:\/\/www.komos.de\/loesungen\/","url":"https:\/\/www.komos.de\/loesungen\/","name":"L\u00f6sun\u00adgen \u2014 KOMOS","isPartOf":{"@id":"https:\/\/www.komos.de\/#website"},"primaryImageOfPage":{"@id":"https:\/\/www.komos.de\/loesungen\/#primaryimage"},"image":{"@id":"https:\/\/www.komos.de\/loesungen\/#primaryimage"},"thumbnailUrl":"https:\/\/www.komos.de\/wp-content\/uploads\/2025\/07\/Group-3-1.png","datePublished":"2025-07-11T07:10:55+00:00","dateModified":"2025-10-24T20:35:48+00:00","description":"KOMOS \u2013 L\u00f6sun\u00adgen, die Ihr Pro\u00addukt schnel\u00adler und siche\u00adrer zum Markt brin\u00adgen: H\u00f6chs\u00adte Pro\u00adzess-sicher\u00adheit, l\u00fccken\u00adlo\u00adse R\u00fcck\u00adver\u00adfolg\u00adbar\u00adkeit und effi\u00adzi\u00adent inte\u00adgrier\u00adte Kom\u00adplett\u00adfer\u00adti\u00adgung \u2013 alles aus einer Hand.","breadcrumb":{"@id":"https:\/\/www.komos.de\/loesungen\/#breadcrumb"},"inLanguage":"en-US","potentialAction":[{"@type":"ReadAction","target":["https:\/\/www.komos.de\/loesungen\/"]}]},{"@type":"ImageObject","inLanguage":"en-US","@id":"https:\/\/www.komos.de\/loesungen\/#primaryimage","url":"https:\/\/www.komos.de\/wp-content\/uploads\/2025\/07\/Group-3-1.png","contentUrl":"https:\/\/www.komos.de\/wp-content\/uploads\/2025\/07\/Group-3-1.png"},{"@type":"BreadcrumbList","@id":"https:\/\/www.komos.de\/loesungen\/#breadcrumb","itemListElement":[{"@type":"ListItem","position":1,"name":"Startseite","item":"https:\/\/www.komos.de\/"},{"@type":"ListItem","position":2,"name":"L\u00f6sungen"}]},{"@type":"WebSite","@id":"https:\/\/www.komos.de\/#website","url":"https:\/\/www.komos.de\/","name":"KOMOS","description":"","publisher":{"@id":"https:\/\/www.komos.de\/#organization"},"potentialAction":[{"@type":"SearchAction","target":{"@type":"EntryPoint","urlTemplate":"https:\/\/www.komos.de\/?s={search_term_string}"},"query-input":{"@type":"PropertyValueSpecification","valueRequired":true,"valueName":"search_term_string"}}],"inLanguage":"en-US"},{"@type":"Organization","@id":"https:\/\/www.komos.de\/#organization","name":"KOMOS","url":"https:\/\/www.komos.de\/","logo":{"@type":"ImageObject","inLanguage":"en-US","@id":"https:\/\/www.komos.de\/#\/schema\/logo\/image\/","url":"https:\/\/www.komos.de\/wp-content\/uploads\/2025\/07\/imgi_1_logo_reduziert-1024x295-1.png","contentUrl":"https:\/\/www.komos.de\/wp-content\/uploads\/2025\/07\/imgi_1_logo_reduziert-1024x295-1.png","width":1024,"height":295,"caption":"KOMOS"},"image":{"@id":"https:\/\/www.komos.de\/#\/schema\/logo\/image\/"}}]}},"_links":{"self":[{"href":"https:\/\/www.komos.de\/en\/wp-json\/wp\/v2\/pages\/173","targetHints":{"allow":["GET"]}}],"collection":[{"href":"https:\/\/www.komos.de\/en\/wp-json\/wp\/v2\/pages"}],"about":[{"href":"https:\/\/www.komos.de\/en\/wp-json\/wp\/v2\/types\/page"}],"author":[{"embeddable":true,"href":"https:\/\/www.komos.de\/en\/wp-json\/wp\/v2\/users\/1"}],"replies":[{"embeddable":true,"href":"https:\/\/www.komos.de\/en\/wp-json\/wp\/v2\/comments?post=173"}],"version-history":[{"count":52,"href":"https:\/\/www.komos.de\/en\/wp-json\/wp\/v2\/pages\/173\/revisions"}],"predecessor-version":[{"id":2495,"href":"https:\/\/www.komos.de\/en\/wp-json\/wp\/v2\/pages\/173\/revisions\/2495"}],"wp:attachment":[{"href":"https:\/\/www.komos.de\/en\/wp-json\/wp\/v2\/media?parent=173"}],"curies":[{"name":"wp","href":"https:\/\/api.w.org\/{rel}","templated":true}]}}