{"id":2216,"date":"2025-10-07T23:36:26","date_gmt":"2025-10-07T23:36:26","guid":{"rendered":"https:\/\/www.komos.de\/?page_id=2216"},"modified":"2025-11-19T14:33:19","modified_gmt":"2025-11-19T14:33:19","slug":"ressourcen","status":"publish","type":"page","link":"https:\/\/www.komos.de\/en\/ressourcen\/","title":{"rendered":"Resour\u00adces"},"content":{"rendered":"<div data-elementor-type=\"wp-page\" data-elementor-id=\"2216\" class=\"elementor elementor-2216\" data-elementor-post-type=\"page\">\n\t\t\t\t<div data-particle_enable=\"false\" data-particle-mobile-disabled=\"false\" class=\"elementor-element elementor-element-479d517 e-flex e-con-boxed e-con e-parent\" data-id=\"479d517\" data-element_type=\"container\" data-e-type=\"container\" data-settings=\"{&quot;background_background&quot;:&quot;classic&quot;}\">\n\t\t\t\t\t<div class=\"e-con-inner\">\n\t\t<div data-particle_enable=\"false\" data-particle-mobile-disabled=\"false\" class=\"elementor-element elementor-element-2730230 e-con-full e-flex e-con e-child\" data-id=\"2730230\" data-element_type=\"container\" data-e-type=\"container\">\n\t\t\t\t<div class=\"elementor-element elementor-element-78ad014 elementor-widget elementor-widget-heading\" data-id=\"78ad014\" data-element_type=\"widget\" data-e-type=\"widget\" data-widget_type=\"heading.default\">\n\t\t\t\t\t<h1 class=\"elementor-heading-title elementor-size-default\">Downloads &amp; Certificates<\/h1>\t\t\t\t<\/div>\n\t\t\t\t<\/div>\n\t\t\t\t\t<\/div>\n\t\t\t\t<\/div>\n\t\t<div data-particle_enable=\"false\" data-particle-mobile-disabled=\"false\" class=\"elementor-element elementor-element-d5a8860 e-flex e-con-boxed e-con e-parent\" data-id=\"d5a8860\" data-element_type=\"container\" data-e-type=\"container\">\n\t\t\t\t\t<div class=\"e-con-inner\">\n\t\t<div data-particle_enable=\"false\" data-particle-mobile-disabled=\"false\" class=\"elementor-element elementor-element-3f19ad0 e-con-full e-flex e-con e-child\" data-id=\"3f19ad0\" data-element_type=\"container\" data-e-type=\"container\" data-settings=\"{&quot;background_background&quot;:&quot;gradient&quot;}\">\n\t\t\t\t<div class=\"elementor-element elementor-element-0046d83 elementor-widget elementor-widget-heading\" data-id=\"0046d83\" data-element_type=\"widget\" data-e-type=\"widget\" data-widget_type=\"heading.default\">\n\t\t\t\t\t<h2 class=\"elementor-heading-title elementor-size-default\">KOMOS APP<\/h2>\t\t\t\t<\/div>\n\t\t\t\t<div class=\"elementor-element elementor-element-c054b9d elementor-widget elementor-widget-text-editor\" data-id=\"c054b9d\" data-element_type=\"widget\" data-e-type=\"widget\" data-widget_type=\"text-editor.default\">\n\t\t\t\t\t\t\t\t\t<p><strong data-start=\"375\" data-end=\"410\">A digi\u00adtal over\u00adview of your pro\u00adduc\u00adtion<br><br><\/strong>With the KOMOS app, you can keep an eye on your pro\u00adjects, pro\u00adduc\u00adtion orders and qua\u00adli\u00adty data at all times \u2014 quick\u00adly, trans\u00adpar\u00adent\u00adly and on the move.<br data-start=\"550\" data-end=\"553\">Expe\u00adri\u00adence digi\u00adtal effi\u00adci\u00aden\u00adcy whe\u00adre pre\u00adcis\u00adi\u00adon meets fle\u00adxi\u00adbi\u00adli\u00adty.<\/p>\t\t\t\t\t\t\t\t<\/div>\n\t\t\t\t<div class=\"elementor-element elementor-element-19dcaaa elementor-align-justify elementor-widget__width-inherit elementor-widget elementor-widget-button\" data-id=\"19dcaaa\" data-element_type=\"widget\" data-e-type=\"widget\" data-widget_type=\"button.default\">\n\t\t\t\t\t\t\t\t\t\t<a class=\"elementor-button elementor-button-link elementor-size-sm\" href=\"https:\/\/www.komos.de\/en\/news\/\">\n\t\t\t\t\t\t<span class=\"elementor-button-content-wrapper\">\n\t\t\t\t\t\t\t\t\t<span class=\"elementor-button-text\">Get to know the app now<\/span>\n\t\t\t\t\t<\/span>\n\t\t\t\t\t<\/a>\n\t\t\t\t\t\t\t\t<\/div>\n\t\t\t\t<\/div>\n\t\t<div data-particle_enable=\"false\" data-particle-mobile-disabled=\"false\" class=\"elementor-element elementor-element-12ff3a6 e-con-full e-flex e-con e-child\" data-id=\"12ff3a6\" data-element_type=\"container\" data-e-type=\"container\" data-settings=\"{&quot;background_background&quot;:&quot;gradient&quot;}\">\n\t\t\t\t<div class=\"elementor-element elementor-element-b756718 elementor-widget elementor-widget-heading\" data-id=\"b756718\" data-element_type=\"widget\" data-e-type=\"widget\" data-widget_type=\"heading.default\">\n\t\t\t\t\t<h2 class=\"elementor-heading-title elementor-size-default\">News article<\/h2>\t\t\t\t<\/div>\n\t\t\t\t<div class=\"elementor-element elementor-element-0bd5455 elementor-widget elementor-widget-text-editor\" data-id=\"0bd5455\" data-element_type=\"widget\" data-e-type=\"widget\" data-widget_type=\"text-editor.default\">\n\t\t\t\t\t\t\t\t\t<p><strong>Know\u00adledge from prac\u00adti\u00adce<\/strong><\/p><p>Find out more about trends, inno\u00adva\u00adtions and prac\u00adti\u00adcal reports from the world of pre\u00adcis\u00adi\u00adon manu\u00adfac\u00adtu\u00adring.<br data-start=\"843\" data-end=\"846\">KOMOS shares expe\u00adri\u00aden\u00adces and solu\u00adti\u00adons that will direct\u00adly help you in your dai\u00adly work.<\/p>\t\t\t\t\t\t\t\t<\/div>\n\t\t\t\t<div class=\"elementor-element elementor-element-91da765 elementor-align-justify elementor-widget elementor-widget-button\" data-id=\"91da765\" data-element_type=\"widget\" data-e-type=\"widget\" data-widget_type=\"button.default\">\n\t\t\t\t\t\t\t\t\t\t<a class=\"elementor-button elementor-button-link elementor-size-sm\" href=\"https:\/\/www.komos.de\/en\/news\/\">\n\t\t\t\t\t\t<span class=\"elementor-button-content-wrapper\">\n\t\t\t\t\t\t\t\t\t<span class=\"elementor-button-text\">To the tech\u00adni\u00adcal artic\u00adles<\/span>\n\t\t\t\t\t<\/span>\n\t\t\t\t\t<\/a>\n\t\t\t\t\t\t\t\t<\/div>\n\t\t\t\t<\/div>\n\t\t<div data-particle_enable=\"false\" data-particle-mobile-disabled=\"false\" class=\"elementor-element elementor-element-af0dc55 e-con-full e-flex e-con e-child\" data-id=\"af0dc55\" data-element_type=\"container\" data-e-type=\"container\" data-settings=\"{&quot;background_background&quot;:&quot;gradient&quot;}\">\n\t\t\t\t<div class=\"elementor-element elementor-element-1a263ff elementor-widget elementor-widget-heading\" data-id=\"1a263ff\" data-element_type=\"widget\" data-e-type=\"widget\" data-widget_type=\"heading.default\">\n\t\t\t\t\t<h2 class=\"elementor-heading-title elementor-size-default\">Downloads<\/h2>\t\t\t\t<\/div>\n\t\t\t\t<div class=\"elementor-element elementor-element-3aa4b7a elementor-widget elementor-widget-text-editor\" data-id=\"3aa4b7a\" data-element_type=\"widget\" data-e-type=\"widget\" data-widget_type=\"text-editor.default\">\n\t\t\t\t\t\t\t\t\t<p><strong>Ever\u00ady\u00adthing for your plan\u00adning<\/strong><\/p><p>Here you will find tech\u00adni\u00adcal data sheets, check\u00adlists and cer\u00adti\u00adfi\u00adca\u00adtes \u2014 com\u00adpact and easy to down\u00adload.<br data-start=\"1163\" data-end=\"1166\">This means you have all the important docu\u00adments to hand when it comes to your next pro\u00adject.<\/p>\t\t\t\t\t\t\t\t<\/div>\n\t\t\t\t<div class=\"elementor-element elementor-element-e26ce69 elementor-align-justify elementor-widget elementor-widget-button\" data-id=\"e26ce69\" data-element_type=\"widget\" data-e-type=\"widget\" data-widget_type=\"button.default\">\n\t\t\t\t\t\t\t\t\t\t<a class=\"elementor-button elementor-button-link elementor-size-sm\" href=\"https:\/\/www.komos.de\/en\/zertifikate\/\">\n\t\t\t\t\t\t<span class=\"elementor-button-content-wrapper\">\n\t\t\t\t\t\t\t\t\t<span class=\"elementor-button-text\">Learn more<\/span>\n\t\t\t\t\t<\/span>\n\t\t\t\t\t<\/a>\n\t\t\t\t\t\t\t\t<\/div>\n\t\t\t\t<\/div>\n\t\t<div data-particle_enable=\"false\" data-particle-mobile-disabled=\"false\" class=\"elementor-element elementor-element-1e5f1d5 e-con-full e-flex e-con e-child\" data-id=\"1e5f1d5\" data-element_type=\"container\" data-e-type=\"container\" data-settings=\"{&quot;background_background&quot;:&quot;gradient&quot;}\">\n\t\t\t\t<div class=\"elementor-element elementor-element-7ba3e5c elementor-widget elementor-widget-heading\" data-id=\"7ba3e5c\" data-element_type=\"widget\" data-e-type=\"widget\" data-widget_type=\"heading.default\">\n\t\t\t\t\t<h2 class=\"elementor-heading-title elementor-size-default\">Certificates<\/h2>\t\t\t\t<\/div>\n\t\t\t\t<div class=\"elementor-element elementor-element-d948b5a elementor-widget elementor-widget-text-editor\" data-id=\"d948b5a\" data-element_type=\"widget\" data-e-type=\"widget\" data-widget_type=\"text-editor.default\">\n\t\t\t\t\t\t\t\t\t<p><strong data-start=\"1318\" data-end=\"1374\">Cer\u00adti\u00adfied qua\u00adli\u00adty<\/strong><\/p><p>You can rely on veri\u00adfia\u00adble qua\u00adli\u00adty: KOMOS is cer\u00adti\u00adfied to ISO 9001 and from 04\/2025 to ISO 13485. Our cer\u00adti\u00adfi\u00adca\u00adtes ensu\u00adre trans\u00adpa\u00adren\u00adcy and docu\u00admen\u00adted pro\u00adces\u00adses at the hig\u00adhest level.<\/p>\t\t\t\t\t\t\t\t<\/div>\n\t\t\t\t<div class=\"elementor-element elementor-element-7f25239 elementor-align-justify elementor-widget elementor-widget-button\" data-id=\"7f25239\" data-element_type=\"widget\" data-e-type=\"widget\" data-widget_type=\"button.default\">\n\t\t\t\t\t\t\t\t\t\t<a class=\"elementor-button elementor-button-link elementor-size-sm\" href=\"https:\/\/www.komos.de\/en\/zertifikate\/\">\n\t\t\t\t\t\t<span class=\"elementor-button-content-wrapper\">\n\t\t\t\t\t\t\t\t\t<span class=\"elementor-button-text\">View cer\u00adti\u00adfi\u00adca\u00adtes<\/span>\n\t\t\t\t\t<\/span>\n\t\t\t\t\t<\/a>\n\t\t\t\t\t\t\t\t<\/div>\n\t\t\t\t<\/div>\n\t\t\t\t\t<\/div>\n\t\t\t\t<\/div>\n\t\t\t\t<\/div>","protected":false},"excerpt":{"rendered":"<p>Downloads &amp; Zertifikate KOMOS APP Ihre Fertigung digital im Blick Mit der KOMOS App behalten Sie Ihre Projekte, Produktionsauftr\u00e4ge und Qualit\u00e4tsdaten jederzeit im Blick \u2013 schnell, transparent und mobil.Erleben Sie digitale Effizienz, wo Pr\u00e4zision auf Flexibilit\u00e4t trifft. Jetzt App kennenlernen News Artikel Wissen aus der Praxis Erfahren Sie mehr \u00fcber Trends, Innovationen und Praxisberichte aus [&hellip;]<\/p>\n","protected":false},"author":1,"featured_media":0,"parent":0,"menu_order":0,"comment_status":"closed","ping_status":"closed","template":"","meta":{"wp_typography_post_enhancements_disabled":false,"footnotes":""},"class_list":["post-2216","page","type-page","status-publish","hentry"],"yoast_head":"<!-- This site is optimized with the Yoast SEO plugin v26.9 - https:\/\/yoast.com\/product\/yoast-seo-wordpress\/ -->\n<title>Ressourcen - KOMOS<\/title>\n<meta name=\"description\" content=\"Starte mit gepr\u00fcfter Qualit\u00e4t \u2013 ISO\u20119001\u2011zertifizierte Fertigung bei KOMOS: Intelligente Baugruppen mit Mechanik, Elektronik und Pr\u00e4zision \u2013 effizient, gepr\u00fcft und zuverl\u00e4ssig Made in Germany!\" \/>\n<meta name=\"robots\" content=\"index, follow, max-snippet:-1, max-image-preview:large, max-video-preview:-1\" \/>\n<link rel=\"canonical\" href=\"https:\/\/www.komos.de\/en\/ressourcen\/\" \/>\n<meta property=\"og:locale\" content=\"en_US\" \/>\n<meta property=\"og:type\" content=\"article\" \/>\n<meta property=\"og:title\" content=\"Ressourcen - KOMOS\" \/>\n<meta property=\"og:description\" content=\"Starte mit gepr\u00fcfter Qualit\u00e4t \u2013 ISO\u20119001\u2011zertifizierte Fertigung bei KOMOS: Intelligente Baugruppen mit Mechanik, Elektronik und Pr\u00e4zision \u2013 effizient, gepr\u00fcft und zuverl\u00e4ssig Made in Germany!\" \/>\n<meta property=\"og:url\" content=\"https:\/\/www.komos.de\/en\/ressourcen\/\" \/>\n<meta property=\"og:site_name\" content=\"KOMOS\" \/>\n<meta property=\"article:modified_time\" content=\"2025-11-19T14:33:19+00:00\" \/>\n<meta name=\"twitter:card\" content=\"summary_large_image\" \/>\n<meta name=\"twitter:label1\" content=\"Est. reading time\" \/>\n\t<meta name=\"twitter:data1\" content=\"1 minute\" \/>\n<!-- \/ Yoast SEO plugin. -->","yoast_head_json":{"title":"Res\u00adsour\u00adcen \u2014 KOMOS","description":"Star\u00adte mit gepr\u00fcf\u00adter Qua\u00adli\u00adt\u00e4t \u2013 ISO\u20119001\u2011zertifizierte Fer\u00adti\u00adgung bei KOMOS: Intel\u00adli\u00adgen\u00adte Bau\u00adgrup\u00adpen mit Mecha\u00adnik, Elek\u00adtro\u00adnik und Pr\u00e4\u00adzi\u00adsi\u00adon \u2013 effi\u00adzi\u00adent, gepr\u00fcft und zuver\u00adl\u00e4s\u00adsig Made in Ger\u00adma\u00adny!","robots":{"index":"index","follow":"follow","max-snippet":"max-snippet:-1","max-image-preview":"max-image-preview:large","max-video-preview":"max-video-preview:-1"},"canonical":"https:\/\/www.komos.de\/en\/ressourcen\/","og_locale":"en_US","og_type":"article","og_title":"Ressourcen - KOMOS","og_description":"Starte mit gepr\u00fcfter Qualit\u00e4t \u2013 ISO\u20119001\u2011zertifizierte Fertigung bei KOMOS: Intelligente Baugruppen mit Mechanik, Elektronik und Pr\u00e4zision \u2013 effizient, gepr\u00fcft und zuverl\u00e4ssig Made in Germany!","og_url":"https:\/\/www.komos.de\/en\/ressourcen\/","og_site_name":"KOMOS","article_modified_time":"2025-11-19T14:33:19+00:00","twitter_card":"summary_large_image","twitter_misc":{"Est. reading time":"1 minute"},"schema":{"@context":"https:\/\/schema.org","@graph":[{"@type":"WebPage","@id":"https:\/\/www.komos.de\/ressourcen\/","url":"https:\/\/www.komos.de\/ressourcen\/","name":"Res\u00adsour\u00adcen \u2014 KOMOS","isPartOf":{"@id":"https:\/\/www.komos.de\/#website"},"datePublished":"2025-10-07T23:36:26+00:00","dateModified":"2025-11-19T14:33:19+00:00","description":"Star\u00adte mit gepr\u00fcf\u00adter Qua\u00adli\u00adt\u00e4t \u2013 ISO\u20119001\u2011zertifizierte Fer\u00adti\u00adgung bei KOMOS: Intel\u00adli\u00adgen\u00adte Bau\u00adgrup\u00adpen mit Mecha\u00adnik, Elek\u00adtro\u00adnik und Pr\u00e4\u00adzi\u00adsi\u00adon \u2013 effi\u00adzi\u00adent, gepr\u00fcft und zuver\u00adl\u00e4s\u00adsig Made in Ger\u00adma\u00adny!","breadcrumb":{"@id":"https:\/\/www.komos.de\/ressourcen\/#breadcrumb"},"inLanguage":"en-US","potentialAction":[{"@type":"ReadAction","target":["https:\/\/www.komos.de\/ressourcen\/"]}]},{"@type":"BreadcrumbList","@id":"https:\/\/www.komos.de\/ressourcen\/#breadcrumb","itemListElement":[{"@type":"ListItem","position":1,"name":"Startseite","item":"https:\/\/www.komos.de\/"},{"@type":"ListItem","position":2,"name":"Ressourcen"}]},{"@type":"WebSite","@id":"https:\/\/www.komos.de\/#website","url":"https:\/\/www.komos.de\/","name":"KOMOS","description":"","publisher":{"@id":"https:\/\/www.komos.de\/#organization"},"potentialAction":[{"@type":"SearchAction","target":{"@type":"EntryPoint","urlTemplate":"https:\/\/www.komos.de\/?s={search_term_string}"},"query-input":{"@type":"PropertyValueSpecification","valueRequired":true,"valueName":"search_term_string"}}],"inLanguage":"en-US"},{"@type":"Organization","@id":"https:\/\/www.komos.de\/#organization","name":"KOMOS","url":"https:\/\/www.komos.de\/","logo":{"@type":"ImageObject","inLanguage":"en-US","@id":"https:\/\/www.komos.de\/#\/schema\/logo\/image\/","url":"https:\/\/www.komos.de\/wp-content\/uploads\/2025\/07\/imgi_1_logo_reduziert-1024x295-1.png","contentUrl":"https:\/\/www.komos.de\/wp-content\/uploads\/2025\/07\/imgi_1_logo_reduziert-1024x295-1.png","width":1024,"height":295,"caption":"KOMOS"},"image":{"@id":"https:\/\/www.komos.de\/#\/schema\/logo\/image\/"}}]}},"_links":{"self":[{"href":"https:\/\/www.komos.de\/en\/wp-json\/wp\/v2\/pages\/2216","targetHints":{"allow":["GET"]}}],"collection":[{"href":"https:\/\/www.komos.de\/en\/wp-json\/wp\/v2\/pages"}],"about":[{"href":"https:\/\/www.komos.de\/en\/wp-json\/wp\/v2\/types\/page"}],"author":[{"embeddable":true,"href":"https:\/\/www.komos.de\/en\/wp-json\/wp\/v2\/users\/1"}],"replies":[{"embeddable":true,"href":"https:\/\/www.komos.de\/en\/wp-json\/wp\/v2\/comments?post=2216"}],"version-history":[{"count":31,"href":"https:\/\/www.komos.de\/en\/wp-json\/wp\/v2\/pages\/2216\/revisions"}],"predecessor-version":[{"id":2747,"href":"https:\/\/www.komos.de\/en\/wp-json\/wp\/v2\/pages\/2216\/revisions\/2747"}],"wp:attachment":[{"href":"https:\/\/www.komos.de\/en\/wp-json\/wp\/v2\/media?parent=2216"}],"curies":[{"name":"wp","href":"https:\/\/api.w.org\/{rel}","templated":true}]}}