{"id":627,"date":"2025-08-05T17:14:59","date_gmt":"2025-08-05T17:14:59","guid":{"rendered":"https:\/\/tender-borg.45-85-217-106.plesk.page\/?page_id=627"},"modified":"2025-09-03T09:42:15","modified_gmt":"2025-09-03T09:42:15","slug":"impressum","status":"publish","type":"page","link":"https:\/\/www.komos.de\/en\/impressum\/","title":{"rendered":"Imprint"},"content":{"rendered":"<div data-elementor-type=\"wp-page\" data-elementor-id=\"627\" class=\"elementor elementor-627\" data-elementor-post-type=\"page\">\n\t\t\t\t<div data-particle_enable=\"false\" data-particle-mobile-disabled=\"false\" class=\"elementor-element elementor-element-479d517 e-flex e-con-boxed e-con e-parent\" data-id=\"479d517\" data-element_type=\"container\" data-e-type=\"container\" data-settings=\"{&quot;background_background&quot;:&quot;classic&quot;}\">\n\t\t\t\t\t<div class=\"e-con-inner\">\n\t\t<div data-particle_enable=\"false\" data-particle-mobile-disabled=\"false\" class=\"elementor-element elementor-element-2730230 e-con-full e-flex e-con e-child\" data-id=\"2730230\" data-element_type=\"container\" data-e-type=\"container\">\n\t\t\t\t<div class=\"elementor-element elementor-element-78ad014 elementor-widget elementor-widget-heading\" data-id=\"78ad014\" data-element_type=\"widget\" data-e-type=\"widget\" data-widget_type=\"heading.default\">\n\t\t\t\t\t<h1 class=\"elementor-heading-title elementor-size-default\">Imprint<\/h1>\t\t\t\t<\/div>\n\t\t\t\t<\/div>\n\t\t\t\t\t<\/div>\n\t\t\t\t<\/div>\n\t\t<div data-particle_enable=\"false\" data-particle-mobile-disabled=\"false\" class=\"elementor-element elementor-element-1792ab1 e-flex e-con-boxed e-con e-parent\" data-id=\"1792ab1\" data-element_type=\"container\" data-e-type=\"container\">\n\t\t\t\t\t<div class=\"e-con-inner\">\n\t\t\t\t<div class=\"elementor-element elementor-element-a3ed7e1 elementor-widget elementor-widget-text-editor\" data-id=\"a3ed7e1\" data-element_type=\"widget\" data-e-type=\"widget\" data-widget_type=\"text-editor.default\">\n\t\t\t\t\t\t\t\t\t<div class=\"vce-google-fonts-heading vce-google-fonts-heading--align-left vce-google-fonts-heading--color-empty--45--5C00FF--FF7200 vce-google-fonts-heading--font-family-Source-Sans Pro\"><div class=\"vce-google-fonts-heading-wrapper\"><div id=\"el-e3a92f78\" class=\"vce-google-fonts-heading--background vce\" data-vce-do-apply=\"border background  padding margin el-e3a92f78\"><h1 class=\"vce-google-fonts-heading-inner\">Information according to \u00a75 TMG<\/h1><\/div><\/div><\/div><div class=\"vce-text-block\"><div id=\"el-707b38e4\" class=\"vce-text-block-wrapper vce\" data-vce-do-apply=\"all el-707b38e4\"><p>KOMOS GmbH<br>Bahn\u00adhofstras\u00adse 2<br>07616 B\u00fcr\u00adgel<\/p><p>repre\u00adsen\u00adted by mana\u00adging direc\u00adtors:<br>Ant\u00adje Blu\u00admen\u00adtritt<br>Kars\u00adten Blu\u00admen\u00adtritt<br><br><br><\/p><div class=\"vce-google-fonts-heading vce-google-fonts-heading--align-left vce-google-fonts-heading--color-empty--45--5C00FF--FF7200 vce-google-fonts-heading--font-family-Source-Sans Pro\"><div class=\"vce-google-fonts-heading-wrapper\"><div id=\"el-0778c557\" class=\"vce-google-fonts-heading--background vce\" data-vce-do-apply=\"border background  padding margin el-0778c557\"><h1 class=\"vce-google-fonts-heading-inner\">Contact details<\/h1><\/div><\/div><\/div><div class=\"vce-text-block\"><div id=\"el-2dc494e6\" class=\"vce-text-block-wrapper vce\" data-vce-do-apply=\"all el-2dc494e6\"><p>Tel:&nbsp;<a href=\"tel:+4936692490 0\">+49 (0)36692 490 0<\/a><br>Fax:&nbsp;<a href=\"fax:+4936692490 55\">+49 (0) 36692 490 55<\/a><br>Mail:&nbsp;<a href=\"mailto:sekretariat@komos.de\">sekretariat@komos.de<\/a><\/p><\/div><\/div><div id=\"el-32ba0775\" class=\"vce vce-separator-container vce-separator--align-center vce-separator--style-solid\" data-vce-do-apply=\"margin el-32ba0775\"><div class=\"vce-separator vce-separator--color-bfc0c1 vce-separator--width-100 vce-separator--thickness-1\" data-vce-do-apply=\"border padding background  el-32ba0775\">&nbsp;<\/div><\/div><div class=\"vce-google-fonts-heading vce-google-fonts-heading--align-left vce-google-fonts-heading--color-empty--45--5C00FF--FF7200 vce-google-fonts-heading--font-family-Source-Sans Pro\"><div class=\"vce-google-fonts-heading-wrapper\"><div id=\"el-03c27f76\" class=\"vce-google-fonts-heading--background vce\" data-vce-do-apply=\"border background  padding margin el-03c27f76\"><h1 class=\"vce-google-fonts-heading-inner\">Tax-relevant information<\/h1><\/div><\/div><\/div><div class=\"vce-text-block\"><div id=\"el-1c15df5d\" class=\"vce-text-block-wrapper vce\" data-vce-do-apply=\"all el-1c15df5d\"><p>Regis\u00adter court: Jena Com\u00admer\u00adcial Regis\u00adter<br>Regis\u00adter num\u00adber: HRB 201639<br>Sales tax iden\u00adti\u00adfi\u00adca\u00adti\u00adon num\u00adber: DE 150526270<\/p><\/div><\/div><div id=\"el-1944f767\" class=\"vce vce-separator-container vce-separator--align-center vce-separator--style-solid\" data-vce-do-apply=\"margin el-1944f767\"><div class=\"vce-separator vce-separator--color-bfc0c1 vce-separator--width-100 vce-separator--thickness-1\" data-vce-do-apply=\"border padding background  el-1944f767\">&nbsp;<\/div><\/div><div class=\"vce-google-fonts-heading vce-google-fonts-heading--align-left vce-google-fonts-heading--color-empty--45--5C00FF--FF7200 vce-google-fonts-heading--font-family-Source-Sans Pro\"><div class=\"vce-google-fonts-heading-wrapper\"><div id=\"el-e35961e0\" class=\"vce-google-fonts-heading--background vce\" data-vce-do-apply=\"border background  padding margin el-e35961e0\"><h1 class=\"vce-google-fonts-heading-inner\">Disclaimer of Komos GmbH<\/h1><\/div><\/div><\/div><div class=\"vce-text-block\"><div id=\"el-f2d3c825\" class=\"vce-text-block-wrapper vce\" data-vce-do-apply=\"all el-f2d3c825\"><p>Lia\u00adbi\u00adli\u00adty for con\u00adtent<\/p><p>As a ser\u00advice pro\u00advi\u00adder, we are respon\u00adsi\u00adble for our own con\u00adtent on the\u00adse pages in accordance with Sec\u00adtion 7 (1) TMG (Ger\u00adman Tele\u00adme\u00addia Act) and gene\u00adral legis\u00adla\u00adti\u00adon. Accor\u00adding to \u00a7\u00a7 8 to 10 TMG, howe\u00adver, we as a ser\u00advice pro\u00advi\u00adder are not obli\u00adged to moni\u00adtor trans\u00admit\u00adted or stored third-par\u00adty infor\u00adma\u00adti\u00adon or to inves\u00adti\u00adga\u00adte cir\u00adcum\u00ads\u00adtances that indi\u00adca\u00adte ille\u00adgal acti\u00advi\u00adty. Obli\u00adga\u00adti\u00adons to remo\u00adve or block the use of infor\u00adma\u00adti\u00adon in accordance with gene\u00adral legis\u00adla\u00adti\u00adon remain unaf\u00adfec\u00adted by this. Howe\u00adver, lia\u00adbi\u00adli\u00adty in this respect is only pos\u00adsi\u00adble from the time of know\u00adledge of a spe\u00adci\u00adfic inf\u00adrin\u00adge\u00adment. As soon as we beco\u00adme awa\u00adre of such inf\u00adrin\u00adge\u00adments, we will remo\u00adve this con\u00adtent imme\u00addia\u00adte\u00adly.<\/p><p>Lia\u00adbi\u00adli\u00adty for links<\/p><p>Our web\u00adsite con\u00adta\u00adins links to exter\u00adnal third-par\u00adty web\u00adsites over who\u00adse con\u00adtent we have no influence. The\u00adr\u00ade\u00adfo\u00adre, we can\u00adnot accept any lia\u00adbi\u00adli\u00adty for this third-par\u00adty con\u00adtent. The respec\u00adti\u00adve pro\u00advi\u00adder or ope\u00adra\u00adtor of the pages is always respon\u00adsi\u00adble for the con\u00adtent of the lin\u00adked pages. The lin\u00adked pages were che\u00adcked for pos\u00adsi\u00adble legal vio\u00adla\u00adti\u00adons at the time of lin\u00adking. Ille\u00adgal con\u00adtent was not reco\u00adgnizable at the time of lin\u00adking. Howe\u00adver, per\u00adma\u00adnent moni\u00adto\u00adring of the con\u00adtent of the lin\u00adked pages is not reasonable wit\u00adhout con\u00adcre\u00adte evi\u00addence of an inf\u00adrin\u00adge\u00adment. If we beco\u00adme awa\u00adre of any legal inf\u00adrin\u00adge\u00adments, we will remo\u00adve such links imme\u00addia\u00adte\u00adly.<\/p><p>Copy\u00adright<\/p><p>The con\u00adtent and works crea\u00adted by the site ope\u00adra\u00adtors on the\u00adse pages are sub\u00adject to Ger\u00adman copy\u00adright law. Dupli\u00adca\u00adti\u00adon, pro\u00adces\u00adsing, dis\u00adtri\u00adbu\u00adti\u00adon and any form of com\u00admer\u00adcia\u00adliza\u00adti\u00adon of such mate\u00adri\u00adal bey\u00adond the scope of the copy\u00adright law shall requi\u00adre the pri\u00ador writ\u00adten con\u00adsent of its respec\u00adti\u00adve aut\u00adhor or crea\u00adtor. Down\u00adloads and copies of this site are only per\u00admit\u00adted for pri\u00adva\u00adte, non-com\u00admer\u00adcial use. Inso\u00adfar as the con\u00adtent on this site was not crea\u00adted by the ope\u00adra\u00adtor, the copy\u00adrights of third par\u00adties are respec\u00adted. In par\u00adti\u00adcu\u00adlar, third-par\u00adty con\u00adtent is iden\u00adti\u00adfied as such. Should you nevert\u00adhel\u00adess beco\u00adme awa\u00adre of a copy\u00adright inf\u00adrin\u00adge\u00adment, plea\u00adse inform us accor\u00addin\u00adgly. If we beco\u00adme awa\u00adre of any inf\u00adrin\u00adge\u00adments, we will remo\u00adve such con\u00adtent imme\u00addia\u00adte\u00adly.<\/p><\/div><\/div><div id=\"el-738601de\" class=\"vce vce-separator-container vce-separator--align-center vce-separator--style-solid\" data-vce-do-apply=\"margin el-738601de\"><div class=\"vce-separator vce-separator--color-bfc0c1 vce-separator--width-100 vce-separator--thickness-1\" data-vce-do-apply=\"border padding background  el-738601de\">&nbsp;<\/div><\/div><div class=\"vce-google-fonts-heading vce-google-fonts-heading--align-left vce-google-fonts-heading--color-empty--45--5C00FF--FF7200 vce-google-fonts-heading--font-family-Source-Sans Pro\"><div class=\"vce-google-fonts-heading-wrapper\"><div id=\"el-1311080b\" class=\"vce-google-fonts-heading--background vce\" data-vce-do-apply=\"border background  padding margin el-1311080b\"><h1 class=\"vce-google-fonts-heading-inner\">Picture credits:<\/h1><\/div><\/div><\/div><div class=\"vce-text-block\"><div id=\"el-d599c36f\" class=\"vce-text-block-wrapper vce\" data-vce-do-apply=\"all el-d599c36f\"><p>The source refe\u00adren\u00adces are lis\u00adted below in page order, from left to right, from top to bot\u00adtom and slider page by page.<\/p><h5>&nbsp;<\/h5><ul><li>All images are the pro\u00adper\u00adty of KOMOS GmbH.<\/li><\/ul><ul><li>The images were pro\u00addu\u00adced by&nbsp;<a href=\"https:\/\/studio2-media.de\/\">STUDIO 2 Media<\/a>.<\/li><\/ul><\/div><\/div><div id=\"el-48150840\" class=\"vce vce-separator-container vce-separator--align-center vce-separator--style-solid\" data-vce-do-apply=\"margin el-48150840\"><div class=\"vce-separator vce-separator--color-bfc0c1 vce-separator--width-100 vce-separator--thickness-1\" data-vce-do-apply=\"border padding background  el-48150840\">&nbsp;<\/div><\/div><div class=\"vce-google-fonts-heading vce-google-fonts-heading--align-left vce-google-fonts-heading--color-empty--45--5C00FF--FF7200 vce-google-fonts-heading--font-family-Source-Sans Pro\"><div class=\"vce-google-fonts-heading-wrapper\"><div id=\"el-cc9cde98\" class=\"vce-google-fonts-heading--background vce\" data-vce-do-apply=\"border background  padding margin el-cc9cde98\"><h1 class=\"vce-google-fonts-heading-inner\">Alternative dispute resolution in accordance with Art. 14 para. 1 ODR-VO and \u00a7 36 VSBG:<\/h1><\/div><\/div><\/div><div class=\"vce-text-block\"><div id=\"el-a96293ce\" class=\"vce-text-block-wrapper vce\" data-vce-do-apply=\"all el-a96293ce\"><p>The Euro\u00adpean Com\u00admis\u00adsi\u00adon pro\u00advi\u00addes a plat\u00adform for online dis\u00adpu\u00adte reso\u00adlu\u00adti\u00adon (OS), which you can access at&nbsp;<a href=\"https:\/\/ec.europa.eu\/consumers\/odr\" target=\"_blank\" rel=\"noopener\">https:\/\/ec.europa.eu\/consumers\/odr<\/a>&nbsp;find. We are not obli\u00adged or wil\u00adling to par\u00adti\u00adci\u00adpa\u00adte in dis\u00adpu\u00adte reso\u00adlu\u00adti\u00adon pro\u00adcee\u00addings befo\u00adre a con\u00adsu\u00admer arbi\u00adtra\u00adti\u00adon board.<\/p><\/div><\/div><\/div><\/div>\t\t\t\t\t\t\t\t<\/div>\n\t\t\t\t\t<\/div>\n\t\t\t\t<\/div>\n\t\t\t\t<\/div>","protected":false},"excerpt":{"rendered":"<p>Impressum Angaben gem\u00e4\u00df \u00a75 TMG KOMOS GmbHBahnhofstra\u00dfe 207616 B\u00fcrgel vertreten durch Gesch\u00e4ftsf\u00fchrer:Antje BlumentrittKarsten Blumentritt Kontaktdaten Tel.:\u00a0+49 (0)36692 490 0Fax.:\u00a0+49 (0) 36692 490 55Mail:\u00a0sekretariat@komos.de \u00a0 Steuerrelevante Angaben Registergericht: Handelsregister JenaRegisternummer: HRB 201639Umsatzsteuer-Identifikationsnummer: DE 150526270 \u00a0 Haftungsausschluss der Komos GmbH Haftung f\u00fcr Inhalte Als Diensteanbieter sind wir gem\u00e4\u00df \u00a7 7 Abs.1 TMG f\u00fcr eigene Inhalte auf diesen [&hellip;]<\/p>\n","protected":false},"author":1,"featured_media":0,"parent":0,"menu_order":0,"comment_status":"closed","ping_status":"closed","template":"","meta":{"wp_typography_post_enhancements_disabled":false,"footnotes":""},"class_list":["post-627","page","type-page","status-publish","hentry"],"yoast_head":"<!-- This site is optimized with the Yoast SEO plugin v26.9 - https:\/\/yoast.com\/product\/yoast-seo-wordpress\/ -->\n<title>Impressum - KOMOS<\/title>\n<meta name=\"description\" content=\"Starte mit gepr\u00fcfter Seriosit\u00e4t \u2013 Impressum bei KOMOS: KOMOS GmbH, Bahnhofstra\u00dfe 2, 07616 B\u00fcrgel \u2022 Gesch\u00e4ftsf\u00fchrung: Antje &amp; Karsten Blumentritt \u2022 Telefon +49 36692 490 0, Fax +49 36692 490 55, E-Mail [sekretariat@komos.de](mailto:sekretariat@komos.de) \u2022 Handelsregister Jena HRB 201639, USt-ID DE 150526270.\" \/>\n<meta name=\"robots\" content=\"index, follow, max-snippet:-1, max-image-preview:large, max-video-preview:-1\" \/>\n<link rel=\"canonical\" href=\"https:\/\/www.komos.de\/en\/impressum\/\" \/>\n<meta property=\"og:locale\" content=\"en_US\" \/>\n<meta property=\"og:type\" content=\"article\" \/>\n<meta property=\"og:title\" content=\"Impressum - KOMOS\" \/>\n<meta property=\"og:description\" content=\"Starte mit gepr\u00fcfter Seriosit\u00e4t \u2013 Impressum bei KOMOS: KOMOS GmbH, Bahnhofstra\u00dfe 2, 07616 B\u00fcrgel \u2022 Gesch\u00e4ftsf\u00fchrung: Antje &amp; Karsten Blumentritt \u2022 Telefon +49 36692 490 0, Fax +49 36692 490 55, E-Mail [sekretariat@komos.de](mailto:sekretariat@komos.de) \u2022 Handelsregister Jena HRB 201639, USt-ID DE 150526270.\" \/>\n<meta property=\"og:url\" content=\"https:\/\/www.komos.de\/en\/impressum\/\" \/>\n<meta property=\"og:site_name\" content=\"KOMOS\" \/>\n<meta property=\"article:modified_time\" content=\"2025-09-03T09:42:15+00:00\" \/>\n<meta name=\"twitter:card\" content=\"summary_large_image\" \/>\n<meta name=\"twitter:label1\" content=\"Est. reading time\" \/>\n\t<meta name=\"twitter:data1\" content=\"3 minutes\" \/>\n<!-- \/ Yoast SEO plugin. -->","yoast_head_json":{"title":"Impres\u00adsum \u2014 KOMOS","description":"Starte mit gepr\u00fcfter Seriosit\u00e4t \u2013 Impressum bei KOMOS: KOMOS GmbH, Bahnhofstra\u00dfe 2, 07616 B\u00fcrgel \u2022 Gesch\u00e4ftsf\u00fchrung: Antje & Karsten Blumentritt \u2022 Telefon +49 36692 490 0, Fax +49 36692 490 55, E-Mail [sekretariat@komos.de](mailto:sekretariat@komos.de) \u2022 Handelsregister Jena HRB 201639, USt-ID DE 150526270.","robots":{"index":"index","follow":"follow","max-snippet":"max-snippet:-1","max-image-preview":"max-image-preview:large","max-video-preview":"max-video-preview:-1"},"canonical":"https:\/\/www.komos.de\/en\/impressum\/","og_locale":"en_US","og_type":"article","og_title":"Impressum - KOMOS","og_description":"Starte mit gepr\u00fcfter Seriosit\u00e4t \u2013 Impressum bei KOMOS: KOMOS GmbH, Bahnhofstra\u00dfe 2, 07616 B\u00fcrgel \u2022 Gesch\u00e4ftsf\u00fchrung: Antje & Karsten Blumentritt \u2022 Telefon +49 36692 490 0, Fax +49 36692 490 55, E-Mail [sekretariat@komos.de](mailto:sekretariat@komos.de) \u2022 Handelsregister Jena HRB 201639, USt-ID DE 150526270.","og_url":"https:\/\/www.komos.de\/en\/impressum\/","og_site_name":"KOMOS","article_modified_time":"2025-09-03T09:42:15+00:00","twitter_card":"summary_large_image","twitter_misc":{"Est. reading time":"3 minutes"},"schema":{"@context":"https:\/\/schema.org","@graph":[{"@type":"WebPage","@id":"https:\/\/www.komos.de\/impressum\/","url":"https:\/\/www.komos.de\/impressum\/","name":"Impres\u00adsum \u2014 KOMOS","isPartOf":{"@id":"https:\/\/www.komos.de\/#website"},"datePublished":"2025-08-05T17:14:59+00:00","dateModified":"2025-09-03T09:42:15+00:00","description":"Starte mit gepr\u00fcfter Seriosit\u00e4t \u2013 Impressum bei KOMOS: KOMOS GmbH, Bahnhofstra\u00dfe 2, 07616 B\u00fcrgel \u2022 Gesch\u00e4ftsf\u00fchrung: Antje & Karsten Blumentritt \u2022 Telefon +49 36692 490 0, Fax +49 36692 490 55, E-Mail [sekretariat@komos.de](mailto:sekretariat@komos.de) \u2022 Handelsregister Jena HRB 201639, USt-ID DE 150526270.","breadcrumb":{"@id":"https:\/\/www.komos.de\/impressum\/#breadcrumb"},"inLanguage":"en-US","potentialAction":[{"@type":"ReadAction","target":["https:\/\/www.komos.de\/impressum\/"]}]},{"@type":"BreadcrumbList","@id":"https:\/\/www.komos.de\/impressum\/#breadcrumb","itemListElement":[{"@type":"ListItem","position":1,"name":"Startseite","item":"https:\/\/www.komos.de\/"},{"@type":"ListItem","position":2,"name":"Impressum"}]},{"@type":"WebSite","@id":"https:\/\/www.komos.de\/#website","url":"https:\/\/www.komos.de\/","name":"KOMOS","description":"","publisher":{"@id":"https:\/\/www.komos.de\/#organization"},"potentialAction":[{"@type":"SearchAction","target":{"@type":"EntryPoint","urlTemplate":"https:\/\/www.komos.de\/?s={search_term_string}"},"query-input":{"@type":"PropertyValueSpecification","valueRequired":true,"valueName":"search_term_string"}}],"inLanguage":"en-US"},{"@type":"Organization","@id":"https:\/\/www.komos.de\/#organization","name":"KOMOS","url":"https:\/\/www.komos.de\/","logo":{"@type":"ImageObject","inLanguage":"en-US","@id":"https:\/\/www.komos.de\/#\/schema\/logo\/image\/","url":"https:\/\/www.komos.de\/wp-content\/uploads\/2025\/07\/imgi_1_logo_reduziert-1024x295-1.png","contentUrl":"https:\/\/www.komos.de\/wp-content\/uploads\/2025\/07\/imgi_1_logo_reduziert-1024x295-1.png","width":1024,"height":295,"caption":"KOMOS"},"image":{"@id":"https:\/\/www.komos.de\/#\/schema\/logo\/image\/"}}]}},"_links":{"self":[{"href":"https:\/\/www.komos.de\/en\/wp-json\/wp\/v2\/pages\/627","targetHints":{"allow":["GET"]}}],"collection":[{"href":"https:\/\/www.komos.de\/en\/wp-json\/wp\/v2\/pages"}],"about":[{"href":"https:\/\/www.komos.de\/en\/wp-json\/wp\/v2\/types\/page"}],"author":[{"embeddable":true,"href":"https:\/\/www.komos.de\/en\/wp-json\/wp\/v2\/users\/1"}],"replies":[{"embeddable":true,"href":"https:\/\/www.komos.de\/en\/wp-json\/wp\/v2\/comments?post=627"}],"version-history":[{"count":16,"href":"https:\/\/www.komos.de\/en\/wp-json\/wp\/v2\/pages\/627\/revisions"}],"predecessor-version":[{"id":675,"href":"https:\/\/www.komos.de\/en\/wp-json\/wp\/v2\/pages\/627\/revisions\/675"}],"wp:attachment":[{"href":"https:\/\/www.komos.de\/en\/wp-json\/wp\/v2\/media?parent=627"}],"curies":[{"name":"wp","href":"https:\/\/api.w.org\/{rel}","templated":true}]}}